{"id":1861,"date":"2024-08-15T07:31:29","date_gmt":"2024-08-15T07:31:29","guid":{"rendered":"https:\/\/nokermani.lv\/?page_id=1861"},"modified":"2024-08-28T08:57:10","modified_gmt":"2024-08-28T08:57:10","slug":"anglu-valoda","status":"publish","type":"page","link":"https:\/\/nokermani.lv\/?page_id=1861","title":{"rendered":"Ang\u013cu valoda"},"content":{"rendered":"\t\t<div data-elementor-type=\"wp-page\" data-elementor-id=\"1861\" class=\"elementor elementor-1861\">\n\t\t\t\t\t\t<section class=\"elementor-section elementor-top-section elementor-element elementor-element-b06c141 elementor-section-height-min-height elementor-section-boxed elementor-section-height-default elementor-section-items-middle\" data-id=\"b06c141\" data-element_type=\"section\" data-settings=\"{&quot;background_background&quot;:&quot;classic&quot;}\">\n\t\t\t\t\t\t\t<div class=\"elementor-background-overlay\"><\/div>\n\t\t\t\t\t\t\t<div class=\"elementor-container elementor-column-gap-no\">\n\t\t\t\t\t<div class=\"elementor-column elementor-col-100 elementor-top-column elementor-element elementor-element-bc1ec6b\" data-id=\"bc1ec6b\" data-element_type=\"column\">\n\t\t\t<div class=\"elementor-widget-wrap\">\n\t\t\t\t\t\t\t<\/div>\n\t\t<\/div>\n\t\t\t\t\t<\/div>\n\t\t<\/section>\n\t\t\t\t<section class=\"elementor-section elementor-top-section elementor-element elementor-element-4325ca8 elementor-section-boxed elementor-section-height-default elementor-section-height-default\" data-id=\"4325ca8\" data-element_type=\"section\" data-settings=\"{&quot;background_background&quot;:&quot;classic&quot;}\">\n\t\t\t\t\t\t<div class=\"elementor-container elementor-column-gap-no\">\n\t\t\t\t\t<div class=\"elementor-column elementor-col-100 elementor-top-column elementor-element elementor-element-5d610e1\" data-id=\"5d610e1\" data-element_type=\"column\">\n\t\t\t<div class=\"elementor-widget-wrap elementor-element-populated\">\n\t\t\t\t\t\t<div class=\"elementor-element elementor-element-2897b26 elementor-widget elementor-widget-heading\" data-id=\"2897b26\" data-element_type=\"widget\" data-widget_type=\"heading.default\">\n\t\t\t\t<div class=\"elementor-widget-container\">\n\t\t\t\t\t<h2 class=\"elementor-heading-title elementor-size-default\">\"No\u0137er mani\" Ang\u013cu valodas nodarb\u012bbas<\/h2>\t\t\t\t<\/div>\n\t\t\t\t<\/div>\n\t\t\t\t<div class=\"elementor-element elementor-element-52a3a24 elementor-widget-divider--view-line elementor-widget elementor-widget-divider\" data-id=\"52a3a24\" data-element_type=\"widget\" data-widget_type=\"divider.default\">\n\t\t\t\t<div class=\"elementor-widget-container\">\n\t\t\t\t\t\t\t<div class=\"elementor-divider\">\n\t\t\t<span class=\"elementor-divider-separator\">\n\t\t\t\t\t\t<\/span>\n\t\t<\/div>\n\t\t\t\t\t\t<\/div>\n\t\t\t\t<\/div>\n\t\t\t\t\t<\/div>\n\t\t<\/div>\n\t\t\t\t\t<\/div>\n\t\t<\/section>\n\t\t\t\t<section class=\"elementor-section elementor-top-section elementor-element elementor-element-f20b529 elementor-section-boxed elementor-section-height-default elementor-section-height-default\" data-id=\"f20b529\" data-element_type=\"section\">\n\t\t\t\t\t\t<div class=\"elementor-container elementor-column-gap-default\">\n\t\t\t\t\t<div class=\"elementor-column elementor-col-100 elementor-top-column elementor-element elementor-element-174fe19\" data-id=\"174fe19\" data-element_type=\"column\">\n\t\t\t<div class=\"elementor-widget-wrap elementor-element-populated\">\n\t\t\t\t\t\t<div class=\"elementor-element elementor-element-831b7c8 elementor-align-center elementor-widget elementor-widget-button\" data-id=\"831b7c8\" data-element_type=\"widget\" data-widget_type=\"button.default\">\n\t\t\t\t<div class=\"elementor-widget-container\">\n\t\t\t\t\t\t\t\t\t<div class=\"elementor-button-wrapper\">\n\t\t\t\t\t<a class=\"elementor-button elementor-button-link elementor-size-sm\" href=\"https:\/\/nokermani.lv\/?page_id=1945\">\n\t\t\t\t\t\t<span class=\"elementor-button-content-wrapper\">\n\t\t\t\t\t\t\t\t\t<span class=\"elementor-button-text\">Pieteikties<\/span>\n\t\t\t\t\t<\/span>\n\t\t\t\t\t<\/a>\n\t\t\t\t<\/div>\n\t\t\t\t\t\t\t\t<\/div>\n\t\t\t\t<\/div>\n\t\t\t\t\t<\/div>\n\t\t<\/div>\n\t\t\t\t\t<\/div>\n\t\t<\/section>\n\t\t\t\t<section class=\"elementor-section elementor-top-section elementor-element elementor-element-d2b8e41 elementor-section-boxed elementor-section-height-default elementor-section-height-default\" data-id=\"d2b8e41\" data-element_type=\"section\">\n\t\t\t\t\t\t<div class=\"elementor-container elementor-column-gap-default\">\n\t\t\t\t\t<div class=\"elementor-column elementor-col-100 elementor-top-column elementor-element elementor-element-6203541\" data-id=\"6203541\" data-element_type=\"column\">\n\t\t\t<div class=\"elementor-widget-wrap elementor-element-populated\">\n\t\t\t\t\t\t<div class=\"elementor-element elementor-element-bc07d61 elementor-widget elementor-widget-text-editor\" data-id=\"bc07d61\" data-element_type=\"widget\" data-widget_type=\"text-editor.default\">\n\t\t\t\t<div class=\"elementor-widget-container\">\n\t\t\t\t\t\t\t\t\t<table><tbody><tr><td width=\"277\"><h6><strong>Pied\u0101v\u0101jam Ang\u013cu valodas nodarb\u012bbas maz\u0101s m\u0101c\u012bbu grup\u0101s, kur\u0101 tiek nodro\u0161in\u0101ta individu\u0101la pieeja, veiksm\u012bgai m\u0101c\u012bbu apguvei.<\/strong><\/h6><h6><strong>Nodarb\u012bbas notiek Ogr\u0113. Maksa 10,00 Eur+PVN par nodarb\u012bbu.<\/strong><\/h6><h6>\u00a0<\/h6><h6><strong>M\u0113s pal\u012bdz\u0113sim<\/strong><\/h6><h6><strong>* sagatavoties eks\u0101meniem<\/strong><\/h6><h6><strong>* apg\u016bt un praktiz\u0113t valodu &#8211; rakst\u012bt, las\u012bt, run\u0101t!<\/strong><\/h6><h6>\u00a0<\/h6><h6><strong>Vecuma grupas:<\/strong><\/h6><h6><strong>1.-3. KLASE<\/strong><\/h6><h6><strong>5-6 KLASE<\/strong><\/h6><h6><strong>9.KLASE;<\/strong><\/h6><h6><strong>12. KLASE!<\/strong><\/h6><\/td><\/tr><\/tbody><\/table><h6>\u00a0<\/h6>\t\t\t\t\t\t\t\t<\/div>\n\t\t\t\t<\/div>\n\t\t\t\t\t<\/div>\n\t\t<\/div>\n\t\t\t\t\t<\/div>\n\t\t<\/section>\n\t\t\t\t<section class=\"elementor-section elementor-top-section elementor-element elementor-element-b86132d elementor-section-boxed elementor-section-height-default elementor-section-height-default\" data-id=\"b86132d\" data-element_type=\"section\">\n\t\t\t\t\t\t<div class=\"elementor-container elementor-column-gap-default\">\n\t\t\t\t\t<div class=\"elementor-column elementor-col-100 elementor-top-column elementor-element elementor-element-e948f75\" data-id=\"e948f75\" data-element_type=\"column\">\n\t\t\t<div class=\"elementor-widget-wrap elementor-element-populated\">\n\t\t\t\t\t\t\t<\/div>\n\t\t<\/div>\n\t\t\t\t\t<\/div>\n\t\t<\/section>\n\t\t\t\t<\/div>\n\t\t","protected":false},"excerpt":{"rendered":"<p>&#8220;No\u0137er mani&#8221; Ang\u013cu valodas nodarb\u012bbas Pieteikties Pied\u0101v\u0101jam Ang\u013cu valodas nodarb\u012bbas maz\u0101s m\u0101c\u012bbu grup\u0101s, kur\u0101 tiek nodro\u0161in\u0101ta individu\u0101la pieeja, veiksm\u012bgai m\u0101c\u012bbu apguvei. Nodarb\u012bbas notiek Ogr\u0113. Maksa 10,00 Eur+PVN par nodarb\u012bbu. \u00a0 M\u0113s pal\u012bdz\u0113sim * sagatavoties eks\u0101meniem * apg\u016bt un praktiz\u0113t valodu &#8211; rakst\u012bt, las\u012bt, run\u0101t! \u00a0 Vecuma grupas: 1.-3. KLASE 5-6 KLASE 9.KLASE; 12. KLASE! \u00a0<\/p>\n","protected":false},"author":1,"featured_media":0,"parent":0,"menu_order":0,"comment_status":"closed","ping_status":"closed","template":"elementor_header_footer","meta":{"site-sidebar-layout":"no-sidebar","site-content-layout":"page-builder","ast-global-header-display":"","ast-main-header-display":"","ast-hfb-above-header-display":"","ast-hfb-below-header-display":"","ast-hfb-mobile-header-display":"","site-post-title":"disabled","ast-breadcrumbs-content":"disabled","ast-featured-img":"disabled","footer-sml-layout":"","theme-transparent-header-meta":"enabled","adv-header-id-meta":"","stick-header-meta":"","header-above-stick-meta":"","header-main-stick-meta":"","header-below-stick-meta":"","footnotes":""},"class_list":["post-1861","page","type-page","status-publish","hentry"],"_links":{"self":[{"href":"https:\/\/nokermani.lv\/index.php?rest_route=\/wp\/v2\/pages\/1861","targetHints":{"allow":["GET"]}}],"collection":[{"href":"https:\/\/nokermani.lv\/index.php?rest_route=\/wp\/v2\/pages"}],"about":[{"href":"https:\/\/nokermani.lv\/index.php?rest_route=\/wp\/v2\/types\/page"}],"author":[{"embeddable":true,"href":"https:\/\/nokermani.lv\/index.php?rest_route=\/wp\/v2\/users\/1"}],"replies":[{"embeddable":true,"href":"https:\/\/nokermani.lv\/index.php?rest_route=%2Fwp%2Fv2%2Fcomments&post=1861"}],"version-history":[{"count":0,"href":"https:\/\/nokermani.lv\/index.php?rest_route=\/wp\/v2\/pages\/1861\/revisions"}],"wp:attachment":[{"href":"https:\/\/nokermani.lv\/index.php?rest_route=%2Fwp%2Fv2%2Fmedia&parent=1861"}],"curies":[{"name":"wp","href":"https:\/\/api.w.org\/{rel}","templated":true}]}}