{"id":3541,"date":"2026-03-30T18:27:30","date_gmt":"2026-03-30T18:27:30","guid":{"rendered":"https:\/\/nokermani.lv\/?page_id=3541"},"modified":"2026-05-06T08:03:20","modified_gmt":"2026-05-06T08:03:20","slug":"pieteikties-gimenes-kausa-izcinai","status":"publish","type":"page","link":"https:\/\/nokermani.lv\/?page_id=3541","title":{"rendered":"Pieteikties \u0122imenes kausa izc\u012b\u0146ai"},"content":{"rendered":"\t\t<div data-elementor-type=\"wp-page\" data-elementor-id=\"3541\" class=\"elementor elementor-3541\">\n\t\t\t\t\t\t<section class=\"elementor-section elementor-top-section elementor-element elementor-element-7ef79982 elementor-section-boxed elementor-section-height-default elementor-section-height-default\" data-id=\"7ef79982\" data-element_type=\"section\">\n\t\t\t\t\t\t<div class=\"elementor-container elementor-column-gap-default\">\n\t\t\t\t\t<div class=\"elementor-column elementor-col-100 elementor-top-column elementor-element elementor-element-3e027408\" data-id=\"3e027408\" data-element_type=\"column\">\n\t\t\t<div class=\"elementor-widget-wrap elementor-element-populated\">\n\t\t\t\t\t\t<div class=\"elementor-element elementor-element-bbd8afb elementor-widget elementor-widget-text-editor\" data-id=\"bbd8afb\" data-element_type=\"widget\" data-widget_type=\"text-editor.default\">\n\t\t\t\t<div class=\"elementor-widget-container\">\n\t\t\t\t\t\t\t\t\t<div id='ff_form_3' class='ff_form_not_render'>\n<div style=\"background-color: #F8F9E6; border: 2px solid #BABE00; padding: 40px 20px; margin: 30px auto; border-radius: 5px; text-align: center; max-width: 700px;\">\n<p>    <!-- Samazin\u0101ts virsraksta izm\u0113rs --><\/p>\n<h2 style=\"color: #BABE00; font-size: 28px; line-height: 1.4; margin-top: 0; margin-bottom: 15px; font-weight: bold;\">Pieteik\u0161an\u0101s \u0122imenes kausa izc\u012b\u0146ai ir beigusies!<\/h2>\n<p style=\"font-size: 18px; color: #333333; margin: 0 0 25px 0;\">Paldies visiem, kas pieteic\u0101s. Gaid\u012bsim j\u016bs n\u0101kamajos posmos!<\/p>\n<p>    <!-- Soci\u0101lo t\u012bklu ikonu bloks --><\/p>\n<div style=\"display: flex; justify-content: center; gap: 30px;\">\n        <a href=\"https:\/\/www.facebook.com\/profile.php?id=100063607842415\" target=\"_blank\" title=\"Seko mums Facebook\" style=\"text-decoration: none; display: inline-block; transition: opacity 0.3s;\" onmouseover=\"this.style.opacity=0.8\" onmouseout=\"this.style.opacity=1\"><br \/>\n            <svg xmlns=\"http:\/\/www.w3.org\/2000\/svg\" width=\"40\" height=\"40\" viewBox=\"0 0 24 24\" fill=\"#1877F2\"><path d=\"M24 12.073c0-6.627-5.373-12-12-12s-12 5.373-12 12c0 5.99 4.388 10.954 10.125 11.854v-8.385H7.078v-3.469h3.047V9.43c0-3.007 1.792-4.669 4.533-4.669 1.312 0 2.686.235 2.686.235v2.953H15.83c-1.491 0-1.956.925-1.956 1.874v2.25h3.328l-.532 3.469h-2.796v8.385C19.612 23.027 24 18.062 24 12.073z\"\/><\/svg><br \/>\n        <\/a><br \/>\n        <a href=\"https:\/\/www.instagram.com\/noker_mani_sporta_klubs\/\" target=\"_blank\" title=\"Seko mums Instagram\" style=\"text-decoration: none; display: inline-block; transition: opacity 0.3s;\" onmouseover=\"this.style.opacity=0.8\" onmouseout=\"this.style.opacity=1\"><br \/>\n            <svg xmlns=\"http:\/\/www.w3.org\/2000\/svg\" width=\"40\" height=\"40\" viewBox=\"0 0 24 24\" fill=\"#E4405F\"><path d=\"M12 2.163c3.204 0 3.584.012 4.85.07 3.252.148 4.771 1.691 4.919 4.919.058 1.265.069 1.645.069 4.849 0 3.205-.012 3.584-.069 4.849-.149 3.225-1.664 4.771-4.919 4.919-1.266.058-1.644.07-4.85.07-3.204 0-3.584-.012-4.849-.07-3.26-.149-4.771-1.699-4.919-4.92-.058-1.265-.07-1.644-.07-4.849 0-3.204.013-3.583.07-4.849.149-3.227 1.664-4.771 4.919-4.919 1.266-.057 1.645-.069 4.849-.069zM12 0C8.741 0 8.333.014 7.053.072 2.695.272.273 2.69.073 7.052.014 8.333 0 8.741 0 12c0 3.259.014 3.668.072 4.948.204 4.358 2.618 6.78 6.98 6.98C8.333 23.986 8.741 24 12 24c3.259 0 3.668-.014 4.948-.072 4.354-.2 6.782-2.618 6.979-6.98.059-1.28.073-1.689.073-4.948 0-3.259-.014-3.667-.072-4.947-.196-4.354-2.617-6.78-6.979-6.98C15.668.014 15.259 0 12 0zm0 5.838a6.162 6.162 0 100 12.324 6.162 6.162 0 000-12.324zM12 16a4 4 0 110-8 4 4 0 010 8zm6.406-11.845a1.44 1.44 0 100 2.881 1.44 1.44 0 000-2.881z\"\/><\/svg><br \/>\n        <\/a>\n    <\/div>\n<\/div>\n<\/div>\n\n<p>\u00a0<\/p>\n\t\t\t\t\t\t\t\t<\/div>\n\t\t\t\t<\/div>\n\t\t\t\t\t<\/div>\n\t\t<\/div>\n\t\t\t\t\t<\/div>\n\t\t<\/section>\n\t\t\t\t<\/div>\n\t\t","protected":false},"excerpt":{"rendered":"<p>\u00a0<\/p>\n","protected":false},"author":2,"featured_media":0,"parent":0,"menu_order":0,"comment_status":"closed","ping_status":"closed","template":"","meta":{"site-sidebar-layout":"default","site-content-layout":"default","ast-global-header-display":"","ast-main-header-display":"","ast-hfb-above-header-display":"","ast-hfb-below-header-display":"","ast-hfb-mobile-header-display":"","site-post-title":"disabled","ast-breadcrumbs-content":"","ast-featured-img":"","footer-sml-layout":"","theme-transparent-header-meta":"","adv-header-id-meta":"","stick-header-meta":"","header-above-stick-meta":"","header-main-stick-meta":"","header-below-stick-meta":"","footnotes":""},"class_list":["post-3541","page","type-page","status-publish","hentry"],"_links":{"self":[{"href":"https:\/\/nokermani.lv\/index.php?rest_route=\/wp\/v2\/pages\/3541","targetHints":{"allow":["GET"]}}],"collection":[{"href":"https:\/\/nokermani.lv\/index.php?rest_route=\/wp\/v2\/pages"}],"about":[{"href":"https:\/\/nokermani.lv\/index.php?rest_route=\/wp\/v2\/types\/page"}],"author":[{"embeddable":true,"href":"https:\/\/nokermani.lv\/index.php?rest_route=\/wp\/v2\/users\/2"}],"replies":[{"embeddable":true,"href":"https:\/\/nokermani.lv\/index.php?rest_route=%2Fwp%2Fv2%2Fcomments&post=3541"}],"version-history":[{"count":11,"href":"https:\/\/nokermani.lv\/index.php?rest_route=\/wp\/v2\/pages\/3541\/revisions"}],"predecessor-version":[{"id":3828,"href":"https:\/\/nokermani.lv\/index.php?rest_route=\/wp\/v2\/pages\/3541\/revisions\/3828"}],"wp:attachment":[{"href":"https:\/\/nokermani.lv\/index.php?rest_route=%2Fwp%2Fv2%2Fmedia&parent=3541"}],"curies":[{"name":"wp","href":"https:\/\/api.w.org\/{rel}","templated":true}]}}