{"id":397,"date":"2023-01-22T11:11:01","date_gmt":"2023-01-22T11:11:01","guid":{"rendered":"https:\/\/nokermani.lv\/?page_id=397"},"modified":"2024-04-12T15:22:03","modified_gmt":"2024-04-12T15:22:03","slug":"trenini","status":"publish","type":"page","link":"https:\/\/nokermani.lv\/?page_id=397","title":{"rendered":"Treni\u0146i"},"content":{"rendered":"\t\t<div data-elementor-type=\"wp-page\" data-elementor-id=\"397\" class=\"elementor elementor-397\">\n\t\t\t\t\t\t<section class=\"elementor-section elementor-top-section elementor-element elementor-element-b06c141 elementor-section-height-min-height elementor-section-boxed elementor-section-height-default elementor-section-items-middle\" data-id=\"b06c141\" data-element_type=\"section\" data-settings=\"{&quot;background_background&quot;:&quot;classic&quot;}\">\n\t\t\t\t\t\t\t<div class=\"elementor-background-overlay\"><\/div>\n\t\t\t\t\t\t\t<div class=\"elementor-container elementor-column-gap-no\">\n\t\t\t\t\t<div class=\"elementor-column elementor-col-100 elementor-top-column elementor-element elementor-element-bc1ec6b\" data-id=\"bc1ec6b\" data-element_type=\"column\">\n\t\t\t<div class=\"elementor-widget-wrap\">\n\t\t\t\t\t\t\t<\/div>\n\t\t<\/div>\n\t\t\t\t\t<\/div>\n\t\t<\/section>\n\t\t\t\t<section class=\"elementor-section elementor-top-section elementor-element elementor-element-2f37263 elementor-section-boxed elementor-section-height-default elementor-section-height-default\" data-id=\"2f37263\" data-element_type=\"section\">\n\t\t\t\t\t\t<div class=\"elementor-container elementor-column-gap-default\">\n\t\t\t\t\t<div class=\"elementor-column elementor-col-100 elementor-top-column elementor-element elementor-element-9250f6a\" data-id=\"9250f6a\" data-element_type=\"column\">\n\t\t\t<div class=\"elementor-widget-wrap elementor-element-populated\">\n\t\t\t\t\t\t<div class=\"elementor-element elementor-element-635dd54 elementor-align-center elementor-widget elementor-widget-button\" data-id=\"635dd54\" data-element_type=\"widget\" data-widget_type=\"button.default\">\n\t\t\t\t<div class=\"elementor-widget-container\">\n\t\t\t\t\t\t\t\t\t<div class=\"elementor-button-wrapper\">\n\t\t\t\t\t<a class=\"elementor-button elementor-button-link elementor-size-xl\" href=\"https:\/\/nokermani.lv\/?page_id=566\">\n\t\t\t\t\t\t<span class=\"elementor-button-content-wrapper\">\n\t\t\t\t\t\t\t\t\t<span class=\"elementor-button-text\">Pieteikties treni\u0146iem b\u0113rniem<\/span>\n\t\t\t\t\t<\/span>\n\t\t\t\t\t<\/a>\n\t\t\t\t<\/div>\n\t\t\t\t\t\t\t\t<\/div>\n\t\t\t\t<\/div>\n\t\t\t\t\t<\/div>\n\t\t<\/div>\n\t\t\t\t\t<\/div>\n\t\t<\/section>\n\t\t\t\t<section class=\"elementor-section elementor-top-section elementor-element elementor-element-4325ca8 elementor-section-boxed elementor-section-height-default elementor-section-height-default\" data-id=\"4325ca8\" data-element_type=\"section\" data-settings=\"{&quot;background_background&quot;:&quot;classic&quot;}\">\n\t\t\t\t\t\t<div class=\"elementor-container elementor-column-gap-no\">\n\t\t\t\t\t<div class=\"elementor-column elementor-col-100 elementor-top-column elementor-element elementor-element-5d610e1\" data-id=\"5d610e1\" data-element_type=\"column\">\n\t\t\t<div class=\"elementor-widget-wrap elementor-element-populated\">\n\t\t\t\t\t\t<div class=\"elementor-element elementor-element-2897b26 elementor-widget elementor-widget-heading\" data-id=\"2897b26\" data-element_type=\"widget\" data-widget_type=\"heading.default\">\n\t\t\t\t<div class=\"elementor-widget-container\">\n\t\t\t\t\t<h2 class=\"elementor-heading-title elementor-size-default\">M\u0113s atbalst\u0101m b\u0113rnus un jaunie\u0161us, lai vi\u0146i piln\u012bb\u0101 izmantotu savu potenci\u0101lu!\n<\/h2>\t\t\t\t<\/div>\n\t\t\t\t<\/div>\n\t\t\t\t<div class=\"elementor-element elementor-element-52a3a24 elementor-widget-divider--view-line elementor-widget elementor-widget-divider\" data-id=\"52a3a24\" data-element_type=\"widget\" data-widget_type=\"divider.default\">\n\t\t\t\t<div class=\"elementor-widget-container\">\n\t\t\t\t\t\t\t<div class=\"elementor-divider\">\n\t\t\t<span class=\"elementor-divider-separator\">\n\t\t\t\t\t\t<\/span>\n\t\t<\/div>\n\t\t\t\t\t\t<\/div>\n\t\t\t\t<\/div>\n\t\t\t\t<div class=\"elementor-element elementor-element-fcae4f0 elementor-widget elementor-widget-heading\" data-id=\"fcae4f0\" data-element_type=\"widget\" data-widget_type=\"heading.default\">\n\t\t\t\t<div class=\"elementor-widget-container\">\n\t\t\t\t\t<h5 class=\"elementor-heading-title elementor-size-default\">V\u0113lamies iepaz\u012bstin\u0101t ar treni\u0146u procesu un ieskatu, k\u0101 treni\u0146i notiek. <\/h5>\t\t\t\t<\/div>\n\t\t\t\t<\/div>\n\t\t\t\t\t<\/div>\n\t\t<\/div>\n\t\t\t\t\t<\/div>\n\t\t<\/section>\n\t\t\t\t<section class=\"elementor-section elementor-top-section elementor-element elementor-element-47ef075 elementor-section-boxed elementor-section-height-default elementor-section-height-default\" data-id=\"47ef075\" data-element_type=\"section\">\n\t\t\t\t\t\t<div class=\"elementor-container elementor-column-gap-default\">\n\t\t\t\t\t<div class=\"elementor-column elementor-col-100 elementor-top-column elementor-element elementor-element-d232057\" data-id=\"d232057\" data-element_type=\"column\">\n\t\t\t<div class=\"elementor-widget-wrap elementor-element-populated\">\n\t\t\t\t\t\t<div class=\"elementor-element elementor-element-c255c01 elementor-grid-3 elementor-grid-tablet-2 elementor-grid-mobile-1 elementor-posts--thumbnail-top elementor-widget elementor-widget-posts\" data-id=\"c255c01\" data-element_type=\"widget\" data-settings=\"{&quot;classic_columns&quot;:&quot;3&quot;,&quot;classic_columns_tablet&quot;:&quot;2&quot;,&quot;classic_columns_mobile&quot;:&quot;1&quot;,&quot;classic_row_gap&quot;:{&quot;unit&quot;:&quot;px&quot;,&quot;size&quot;:35,&quot;sizes&quot;:[]},&quot;classic_row_gap_tablet&quot;:{&quot;unit&quot;:&quot;px&quot;,&quot;size&quot;:&quot;&quot;,&quot;sizes&quot;:[]},&quot;classic_row_gap_mobile&quot;:{&quot;unit&quot;:&quot;px&quot;,&quot;size&quot;:&quot;&quot;,&quot;sizes&quot;:[]}}\" data-widget_type=\"posts.classic\">\n\t\t\t\t<div class=\"elementor-widget-container\">\n\t\t\t\t\t\t\t<div class=\"elementor-posts-container elementor-posts elementor-posts--skin-classic elementor-grid\">\n\t\t\t\t<article class=\"elementor-post elementor-grid-item post-3380 post type-post status-publish format-standard has-post-thumbnail hentry category-festivals category-jaunumi category-trenini\">\n\t\t\t\t<a class=\"elementor-post__thumbnail__link\" href=\"https:\/\/nokermani.lv\/?p=3380\" >\n\t\t\t<div class=\"elementor-post__thumbnail\"><img fetchpriority=\"high\" decoding=\"async\" width=\"225\" height=\"300\" src=\"https:\/\/nokermani.lv\/wp-content\/uploads\/2025\/12\/1000123081-225x300.jpg\" class=\"attachment-medium size-medium wp-image-3383\" alt=\"\" srcset=\"https:\/\/nokermani.lv\/wp-content\/uploads\/2025\/12\/1000123081-225x300.jpg 225w, https:\/\/nokermani.lv\/wp-content\/uploads\/2025\/12\/1000123081-768x1024.jpg 768w, https:\/\/nokermani.lv\/wp-content\/uploads\/2025\/12\/1000123081-1152x1536.jpg 1152w, https:\/\/nokermani.lv\/wp-content\/uploads\/2025\/12\/1000123081-1536x2048.jpg 1536w, https:\/\/nokermani.lv\/wp-content\/uploads\/2025\/12\/1000123081-600x800.jpg 600w, https:\/\/nokermani.lv\/wp-content\/uploads\/2025\/12\/1000123081-scaled.jpg 1920w\" sizes=\"(max-width: 225px) 100vw, 225px\" \/><\/div>\n\t\t<\/a>\n\t\t\t\t<div class=\"elementor-post__text\">\n\t\t\t\t<h3 class=\"elementor-post__title\">\n\t\t\t<a href=\"https:\/\/nokermani.lv\/?p=3380\" >\n\t\t\t\tZIEMASSV\u0112TKI kop\u0101 ar ,,No\u0137er mani,,\t\t\t<\/a>\n\t\t<\/h3>\n\t\t\n\t\t<a class=\"elementor-post__read-more\" href=\"https:\/\/nokermani.lv\/?p=3380\" aria-label=\"Read more about ZIEMASSV\u0112TKI kop\u0101 ar ,,No\u0137er mani,,\" >\n\t\t\tLas\u012bt vair\u0101k...\t\t<\/a>\n\n\t\t\t\t<\/div>\n\t\t\t\t<\/article>\n\t\t\t\t<article class=\"elementor-post elementor-grid-item post-3354 post type-post status-publish format-standard has-post-thumbnail hentry category-trenini\">\n\t\t\t\t<a class=\"elementor-post__thumbnail__link\" href=\"https:\/\/nokermani.lv\/?p=3354\" >\n\t\t\t<div class=\"elementor-post__thumbnail\"><img decoding=\"async\" width=\"225\" height=\"300\" src=\"https:\/\/nokermani.lv\/wp-content\/uploads\/2025\/12\/20250602_170925-225x300.jpg\" class=\"attachment-medium size-medium wp-image-3355\" alt=\"\" srcset=\"https:\/\/nokermani.lv\/wp-content\/uploads\/2025\/12\/20250602_170925-225x300.jpg 225w, https:\/\/nokermani.lv\/wp-content\/uploads\/2025\/12\/20250602_170925-768x1024.jpg 768w, https:\/\/nokermani.lv\/wp-content\/uploads\/2025\/12\/20250602_170925-1152x1536.jpg 1152w, https:\/\/nokermani.lv\/wp-content\/uploads\/2025\/12\/20250602_170925-1536x2048.jpg 1536w, https:\/\/nokermani.lv\/wp-content\/uploads\/2025\/12\/20250602_170925-600x800.jpg 600w, https:\/\/nokermani.lv\/wp-content\/uploads\/2025\/12\/20250602_170925-scaled.jpg 1920w\" sizes=\"(max-width: 225px) 100vw, 225px\" \/><\/div>\n\t\t<\/a>\n\t\t\t\t<div class=\"elementor-post__text\">\n\t\t\t\t<h3 class=\"elementor-post__title\">\n\t\t\t<a href=\"https:\/\/nokermani.lv\/?p=3354\" >\n\t\t\t\tTreni\u0146nometne Roj\u0101\t\t\t<\/a>\n\t\t<\/h3>\n\t\t\n\t\t<a class=\"elementor-post__read-more\" href=\"https:\/\/nokermani.lv\/?p=3354\" aria-label=\"Read more about Treni\u0146nometne Roj\u0101\" >\n\t\t\tLas\u012bt vair\u0101k...\t\t<\/a>\n\n\t\t\t\t<\/div>\n\t\t\t\t<\/article>\n\t\t\t\t<article class=\"elementor-post elementor-grid-item post-3335 post type-post status-publish format-standard has-post-thumbnail hentry category-trenini\">\n\t\t\t\t<a class=\"elementor-post__thumbnail__link\" href=\"https:\/\/nokermani.lv\/?p=3335\" >\n\t\t\t<div class=\"elementor-post__thumbnail\"><img decoding=\"async\" width=\"225\" height=\"300\" src=\"https:\/\/nokermani.lv\/wp-content\/uploads\/2025\/05\/WhiatsApp-Image-2025-05-15-at-09.58.57-2-225x300.jpeg\" class=\"attachment-medium size-medium wp-image-3089\" alt=\"\" srcset=\"https:\/\/nokermani.lv\/wp-content\/uploads\/2025\/05\/WhiatsApp-Image-2025-05-15-at-09.58.57-2-225x300.jpeg 225w, https:\/\/nokermani.lv\/wp-content\/uploads\/2025\/05\/WhiatsApp-Image-2025-05-15-at-09.58.57-2-768x1024.jpeg 768w, https:\/\/nokermani.lv\/wp-content\/uploads\/2025\/05\/WhiatsApp-Image-2025-05-15-at-09.58.57-2-1152x1536.jpeg 1152w, https:\/\/nokermani.lv\/wp-content\/uploads\/2025\/05\/WhiatsApp-Image-2025-05-15-at-09.58.57-2-1536x2048.jpeg 1536w, https:\/\/nokermani.lv\/wp-content\/uploads\/2025\/05\/WhiatsApp-Image-2025-05-15-at-09.58.57-2-600x800.jpeg 600w, https:\/\/nokermani.lv\/wp-content\/uploads\/2025\/05\/WhiatsApp-Image-2025-05-15-at-09.58.57-2-scaled.jpeg 1920w\" sizes=\"(max-width: 225px) 100vw, 225px\" \/><\/div>\n\t\t<\/a>\n\t\t\t\t<div class=\"elementor-post__text\">\n\t\t\t\t<h3 class=\"elementor-post__title\">\n\t\t\t<a href=\"https:\/\/nokermani.lv\/?p=3335\" >\n\t\t\t\tEksplozivit\u0101te\t\t\t<\/a>\n\t\t<\/h3>\n\t\t\n\t\t<a class=\"elementor-post__read-more\" href=\"https:\/\/nokermani.lv\/?p=3335\" aria-label=\"Read more about Eksplozivit\u0101te\" >\n\t\t\tLas\u012bt vair\u0101k...\t\t<\/a>\n\n\t\t\t\t<\/div>\n\t\t\t\t<\/article>\n\t\t\t\t<article class=\"elementor-post elementor-grid-item post-3298 post type-post status-publish format-standard has-post-thumbnail hentry category-jaunumi category-sacensibas-2025 category-trenini\">\n\t\t\t\t<a class=\"elementor-post__thumbnail__link\" href=\"https:\/\/nokermani.lv\/?p=3298\" >\n\t\t\t<div class=\"elementor-post__thumbnail\"><img loading=\"lazy\" decoding=\"async\" width=\"225\" height=\"300\" src=\"https:\/\/nokermani.lv\/wp-content\/uploads\/2025\/12\/20251213_184947-225x300.jpg\" class=\"attachment-medium size-medium wp-image-3322\" alt=\"\" srcset=\"https:\/\/nokermani.lv\/wp-content\/uploads\/2025\/12\/20251213_184947-225x300.jpg 225w, https:\/\/nokermani.lv\/wp-content\/uploads\/2025\/12\/20251213_184947-768x1024.jpg 768w, https:\/\/nokermani.lv\/wp-content\/uploads\/2025\/12\/20251213_184947-1152x1536.jpg 1152w, https:\/\/nokermani.lv\/wp-content\/uploads\/2025\/12\/20251213_184947-1536x2048.jpg 1536w, https:\/\/nokermani.lv\/wp-content\/uploads\/2025\/12\/20251213_184947-600x800.jpg 600w, https:\/\/nokermani.lv\/wp-content\/uploads\/2025\/12\/20251213_184947-scaled.jpg 1920w\" sizes=\"(max-width: 225px) 100vw, 225px\" \/><\/div>\n\t\t<\/a>\n\t\t\t\t<div class=\"elementor-post__text\">\n\t\t\t\t<h3 class=\"elementor-post__title\">\n\t\t\t<a href=\"https:\/\/nokermani.lv\/?p=3298\" >\n\t\t\t\tAtkl\u0101jam jauno sezonu LVS Sportland Jaunatnes kauss\t\t\t<\/a>\n\t\t<\/h3>\n\t\t\n\t\t<a class=\"elementor-post__read-more\" href=\"https:\/\/nokermani.lv\/?p=3298\" aria-label=\"Read more about Atkl\u0101jam jauno sezonu LVS Sportland Jaunatnes kauss\" >\n\t\t\tLas\u012bt vair\u0101k...\t\t<\/a>\n\n\t\t\t\t<\/div>\n\t\t\t\t<\/article>\n\t\t\t\t<article class=\"elementor-post elementor-grid-item post-3294 post type-post status-publish format-standard has-post-thumbnail hentry category-trenini\">\n\t\t\t\t<a class=\"elementor-post__thumbnail__link\" href=\"https:\/\/nokermani.lv\/?p=3294\" >\n\t\t\t<div class=\"elementor-post__thumbnail\"><img loading=\"lazy\" decoding=\"async\" width=\"225\" height=\"300\" src=\"https:\/\/nokermani.lv\/wp-content\/uploads\/2025\/12\/20251213_153606-225x300.jpg\" class=\"attachment-medium size-medium wp-image-3316\" alt=\"\" srcset=\"https:\/\/nokermani.lv\/wp-content\/uploads\/2025\/12\/20251213_153606-225x300.jpg 225w, https:\/\/nokermani.lv\/wp-content\/uploads\/2025\/12\/20251213_153606-scaled.jpg 1920w\" sizes=\"(max-width: 225px) 100vw, 225px\" \/><\/div>\n\t\t<\/a>\n\t\t\t\t<div class=\"elementor-post__text\">\n\t\t\t\t<h3 class=\"elementor-post__title\">\n\t\t\t<a href=\"https:\/\/nokermani.lv\/?p=3294\" >\n\t\t\t\tTreni\u0146i ar akrob\u0101tikas elementiem\t\t\t<\/a>\n\t\t<\/h3>\n\t\t\n\t\t<a class=\"elementor-post__read-more\" href=\"https:\/\/nokermani.lv\/?p=3294\" aria-label=\"Read more about Treni\u0146i ar akrob\u0101tikas elementiem\" >\n\t\t\tLas\u012bt vair\u0101k...\t\t<\/a>\n\n\t\t\t\t<\/div>\n\t\t\t\t<\/article>\n\t\t\t\t<article class=\"elementor-post elementor-grid-item post-3280 post type-post status-publish format-standard has-post-thumbnail hentry category-jaunumi category-sacensibas-2025 category-trenini\">\n\t\t\t\t<a class=\"elementor-post__thumbnail__link\" href=\"https:\/\/nokermani.lv\/?p=3280\" >\n\t\t\t<div class=\"elementor-post__thumbnail\"><img loading=\"lazy\" decoding=\"async\" width=\"225\" height=\"300\" src=\"https:\/\/nokermani.lv\/wp-content\/uploads\/2025\/12\/1000123072-1-225x300.jpg\" class=\"attachment-medium size-medium wp-image-3281\" alt=\"\" srcset=\"https:\/\/nokermani.lv\/wp-content\/uploads\/2025\/12\/1000123072-1-225x300.jpg 225w, https:\/\/nokermani.lv\/wp-content\/uploads\/2025\/12\/1000123072-1-768x1024.jpg 768w, https:\/\/nokermani.lv\/wp-content\/uploads\/2025\/12\/1000123072-1-1152x1536.jpg 1152w, https:\/\/nokermani.lv\/wp-content\/uploads\/2025\/12\/1000123072-1-600x800.jpg 600w, https:\/\/nokermani.lv\/wp-content\/uploads\/2025\/12\/1000123072-1.jpg 1200w\" sizes=\"(max-width: 225px) 100vw, 225px\" \/><\/div>\n\t\t<\/a>\n\t\t\t\t<div class=\"elementor-post__text\">\n\t\t\t\t<h3 class=\"elementor-post__title\">\n\t\t\t<a href=\"https:\/\/nokermani.lv\/?p=3280\" >\n\t\t\t\tEuropean kids athletics games 2025\t\t\t<\/a>\n\t\t<\/h3>\n\t\t\n\t\t<a class=\"elementor-post__read-more\" href=\"https:\/\/nokermani.lv\/?p=3280\" aria-label=\"Read more about European kids athletics games 2025\" >\n\t\t\tLas\u012bt vair\u0101k...\t\t<\/a>\n\n\t\t\t\t<\/div>\n\t\t\t\t<\/article>\n\t\t\t\t<\/div>\n\t\t\n\t\t\t\t\t\t<\/div>\n\t\t\t\t<\/div>\n\t\t\t\t\t<\/div>\n\t\t<\/div>\n\t\t\t\t\t<\/div>\n\t\t<\/section>\n\t\t\t\t<\/div>\n\t\t","protected":false},"excerpt":{"rendered":"<p>Pieteikties treni\u0146iem b\u0113rniem M\u0113s atbalst\u0101m b\u0113rnus un jaunie\u0161us, lai vi\u0146i piln\u012bb\u0101 izmantotu savu potenci\u0101lu! V\u0113lamies iepaz\u012bstin\u0101t ar treni\u0146u procesu un ieskatu, k\u0101 treni\u0146i notiek.<\/p>\n","protected":false},"author":1,"featured_media":0,"parent":0,"menu_order":0,"comment_status":"closed","ping_status":"closed","template":"elementor_header_footer","meta":{"site-sidebar-layout":"no-sidebar","site-content-layout":"page-builder","ast-global-header-display":"","ast-main-header-display":"","ast-hfb-above-header-display":"","ast-hfb-below-header-display":"","ast-hfb-mobile-header-display":"","site-post-title":"disabled","ast-breadcrumbs-content":"disabled","ast-featured-img":"disabled","footer-sml-layout":"","theme-transparent-header-meta":"enabled","adv-header-id-meta":"","stick-header-meta":"","header-above-stick-meta":"","header-main-stick-meta":"","header-below-stick-meta":"","footnotes":""},"class_list":["post-397","page","type-page","status-publish","hentry"],"_links":{"self":[{"href":"https:\/\/nokermani.lv\/index.php?rest_route=\/wp\/v2\/pages\/397","targetHints":{"allow":["GET"]}}],"collection":[{"href":"https:\/\/nokermani.lv\/index.php?rest_route=\/wp\/v2\/pages"}],"about":[{"href":"https:\/\/nokermani.lv\/index.php?rest_route=\/wp\/v2\/types\/page"}],"author":[{"embeddable":true,"href":"https:\/\/nokermani.lv\/index.php?rest_route=\/wp\/v2\/users\/1"}],"replies":[{"embeddable":true,"href":"https:\/\/nokermani.lv\/index.php?rest_route=%2Fwp%2Fv2%2Fcomments&post=397"}],"version-history":[{"count":0,"href":"https:\/\/nokermani.lv\/index.php?rest_route=\/wp\/v2\/pages\/397\/revisions"}],"wp:attachment":[{"href":"https:\/\/nokermani.lv\/index.php?rest_route=%2Fwp%2Fv2%2Fmedia&parent=397"}],"curies":[{"name":"wp","href":"https:\/\/api.w.org\/{rel}","templated":true}]}}