{"id":9,"date":"2023-03-27T17:32:59","date_gmt":"2023-03-27T17:32:59","guid":{"rendered":"http:\/\/nokermani.lv\/?page_id=9"},"modified":"2025-09-15T11:52:24","modified_gmt":"2025-09-15T11:52:24","slug":"bilesu-iegades-noteikumi","status":"publish","type":"page","link":"https:\/\/nokermani.lv\/?page_id=9","title":{"rendered":"Pre\u010du pieg\u0101des un atgrie\u0161anas nosac\u012bjumi."},"content":{"rendered":"\n<p><br>1.1. P\u0113c apmaksas veik\u0161anas, ja esiet ieg\u0101d\u0101jies digit\u0101lo materi\u0101lu- stundas laik\u0101 sa\u0146emsiet preci (digit\u0101lo failu) sav\u0101 nor\u0101d\u012btaj\u0101 e-pasta adres\u0113. Ja esiet ieg\u0101d\u0101jies fizisko produktu, tad to sa\u0146emsiet 5-7 darba dienu laik\u0101, p\u0113c apmaksas br\u012b\u017ea. Fiziskos produktus pieg\u0101d\u0101jam ar pakom\u0101ta starpniec\u012bbu (Omniva), Latvijas Pasta starpniec\u012bbu vai priv\u0101ti. Par pieg\u0101des termi\u0146iem ar tre\u0161ajiem uz\u0146\u0113mumiem var iepaz\u012bties to m\u0101jaslap\u0101s, bet priv\u0101ti pieg\u0101d\u0101jot preci, sazin\u0101mies ar Jums, lai vienotos par konkr\u0113tu laiku un vietu. Par pas\u016bt\u012bjuma statusu J\u016bs inform\u0113sim no e-pasta: nokermani@inbox.lv<br>Ja nesa\u0146\u0113m\u0101t e-pasta v\u0113stuli ar digit\u0101lo produktu, tad p\u0101rbaudiet, vai ats\u016bt\u012btie faili nav iekritu\u0161i SPAM vai rekl\u0101mas e-pastu kast\u012bt\u0113. Ja esi nejau\u0161i nor\u0101d\u012bjis nekorekti savu inform\u0101ciju, sazinies ar mums: nokermani@inbox.lv<\/p>\n\n\n\n<p>1.2. Saska\u0146\u0101 ar 2014.gada 20.maija Ministru kabineta noteikumiem Nr.255 \u201cNoteikumi par distances l\u012bgumu\u201c 22.13. apak\u0161punktu Pirc\u0113js nevar izmantot atteikuma ties\u012bbas, ja l\u012bgums nosl\u0113gts par digit\u0101l\u0101 satura pieg\u0101di, kas netiek pieg\u0101d\u0101ts past\u0101v\u012bg\u0101 datu nes\u0113j\u0101, ja digit\u0101l\u0101 satura pieg\u0101de ir uzs\u0101kta ar pat\u0113r\u0113t\u0101ja iepriek\u0161 skaidri paustu piekri\u0161anu un apliecin\u0101jumu par atteikuma ties\u012bbu zaud\u0113\u0161anu.<br>Par Pirc\u0113ja piekri\u0161anu un apliecin\u0101jumu par atteikuma ties\u012bbu zaud\u0113\u0161anu uzskat\u0101ma atz\u012bmes veik\u0161ana par iepaz\u012b\u0161anos ar Interneta vietnes lieto\u0161anas noteikumiem.<br>Pirc\u0113js var iesniegt iebildumu par preces pirkuma dar\u012bjumu elektronisk\u0101 veid\u0101, nos\u016btot uz e-pasta adresi: info@esigudrinieks.lv . Starpnieks e-pasta v\u0113stules veid\u0101 ne v\u0113l\u0101k k\u0101 14 (tr\u012bsdesmit) dienu laik\u0101 sniedz atbildi uz pirc\u0113ja iebildumu. Str\u012bdi par saist\u012bbu izpildi tiek risin\u0101ti sarunu ce\u013c\u0101, savstarp\u0113ji vienojoties.<\/p>\n\n\n\n<p>1.3. Fizisko produktu atgrie\u0161anas iesp\u0113ja ir 14 dienu laik\u0101. Ja v\u0113laties sa\u0146emto preci atgriezt, rakstiet savu iesniegumu uz e-pasta adresi: nokermani@inbox.lv un e-past\u0101 nor\u0101diet preces atgrie\u0161anas iemeslu.<br>Prece atgrie\u0161anas gad\u012bjum\u0101 P\u0101rdev\u0113jam ir j\u0101atgrie\u017e t\u0101d\u0101 pa\u0161\u0101 st\u0101vokl\u012b, k\u0101du Pirc\u0113js ir sa\u0146\u0113mis<\/p>\n","protected":false},"excerpt":{"rendered":"<p>1.1. P\u0113c apmaksas veik\u0161anas, ja esiet ieg\u0101d\u0101jies digit\u0101lo materi\u0101lu- stundas laik\u0101 sa\u0146emsiet preci (digit\u0101lo failu) sav\u0101 nor\u0101d\u012btaj\u0101 e-pasta adres\u0113. Ja esiet ieg\u0101d\u0101jies fizisko produktu, tad to sa\u0146emsiet 5-7 darba dienu laik\u0101, p\u0113c apmaksas br\u012b\u017ea. Fiziskos produktus pieg\u0101d\u0101jam ar pakom\u0101ta starpniec\u012bbu (Omniva), Latvijas Pasta starpniec\u012bbu vai priv\u0101ti. Par pieg\u0101des termi\u0146iem ar tre\u0161ajiem uz\u0146\u0113mumiem var iepaz\u012bties to &hellip;<\/p>\n<p class=\"read-more\"> <a class=\"\" href=\"https:\/\/nokermani.lv\/?page_id=9\"> <span class=\"screen-reader-text\">Pre\u010du pieg\u0101des un atgrie\u0161anas nosac\u012bjumi.<\/span> Read More &raquo;<\/a><\/p>\n","protected":false},"author":1,"featured_media":0,"parent":0,"menu_order":0,"comment_status":"closed","ping_status":"closed","template":"","meta":{"site-sidebar-layout":"default","site-content-layout":"default","ast-global-header-display":"","ast-main-header-display":"","ast-hfb-above-header-display":"","ast-hfb-below-header-display":"","ast-hfb-mobile-header-display":"","site-post-title":"","ast-breadcrumbs-content":"","ast-featured-img":"","footer-sml-layout":"","theme-transparent-header-meta":"","adv-header-id-meta":"","stick-header-meta":"","header-above-stick-meta":"","header-main-stick-meta":"","header-below-stick-meta":"","footnotes":""},"class_list":["post-9","page","type-page","status-publish","hentry"],"_links":{"self":[{"href":"https:\/\/nokermani.lv\/index.php?rest_route=\/wp\/v2\/pages\/9","targetHints":{"allow":["GET"]}}],"collection":[{"href":"https:\/\/nokermani.lv\/index.php?rest_route=\/wp\/v2\/pages"}],"about":[{"href":"https:\/\/nokermani.lv\/index.php?rest_route=\/wp\/v2\/types\/page"}],"author":[{"embeddable":true,"href":"https:\/\/nokermani.lv\/index.php?rest_route=\/wp\/v2\/users\/1"}],"replies":[{"embeddable":true,"href":"https:\/\/nokermani.lv\/index.php?rest_route=%2Fwp%2Fv2%2Fcomments&post=9"}],"version-history":[{"count":0,"href":"https:\/\/nokermani.lv\/index.php?rest_route=\/wp\/v2\/pages\/9\/revisions"}],"wp:attachment":[{"href":"https:\/\/nokermani.lv\/index.php?rest_route=%2Fwp%2Fv2%2Fmedia&parent=9"}],"curies":[{"name":"wp","href":"https:\/\/api.w.org\/{rel}","templated":true}]}}