{"id":2100,"date":"2024-11-19T11:00:22","date_gmt":"2024-11-19T11:00:22","guid":{"rendered":"https:\/\/nokermani.lv\/?post_type=product&#038;p=2100"},"modified":"2024-11-25T09:40:08","modified_gmt":"2024-11-25T09:40:08","slug":"sporta-t-krekls","status":"publish","type":"product","link":"https:\/\/nokermani.lv\/?product=sporta-t-krekls","title":{"rendered":"Sporta T-krekls b\u0113rniem"},"content":{"rendered":"<p><strong>T-krekls b\u0113rniem<\/strong><\/p>\n<p><strong>Materi\u0101ls:<\/strong><\/p>\n<ul>\n<li>Interlock pik\u0113, 100% poliesters<\/li>\n<\/ul>\n<p><strong>\u012apa\u0161\u012bbas:<\/strong><\/p>\n<ul>\n<li>\u0100tri \u017e\u016bsto\u0161s audums<\/li>\n<li>Piegriezts ar s\u0101nu \u0161uv\u0113m<\/li>\n<li>Nostiprin\u0101tas plecu \u0161uves<\/li>\n<li>Ide\u0101li piem\u0113rots sportam un br\u012bv\u0101 laika aktivit\u0101t\u0113m<\/li>\n<\/ul>\n<p><strong>Svars:<\/strong><br \/>\n150 g\/m\u00b2<\/p>\n<p><strong>Izm\u0113ri:<\/strong><br \/>\n122 cm\/6 gadi &#8211; 158 cm\/12 gadi<\/p>\n<p>&nbsp;<\/p>\n","protected":false},"excerpt":{"rendered":"<p>Sporta krekls, paredz\u0113ts fizisk\u0101m aktivit\u0101t\u0113m, treni\u0146iem.<\/p>\n","protected":false},"featured_media":2104,"template":"","meta":{"site-sidebar-layout":"default","site-content-layout":"default","ast-global-header-display":"","ast-main-header-display":"","ast-hfb-above-header-display":"","ast-hfb-below-header-display":"","ast-hfb-mobile-header-display":"","site-post-title":"","ast-breadcrumbs-content":"","ast-featured-img":"","footer-sml-layout":"","theme-transparent-header-meta":"default","adv-header-id-meta":"","stick-header-meta":"","header-above-stick-meta":"","header-main-stick-meta":"","header-below-stick-meta":""},"product_brand":[],"product_cat":[45],"product_tag":[],"class_list":{"0":"post-2100","1":"product","2":"type-product","3":"status-publish","4":"has-post-thumbnail","6":"product_cat-bernu-apgerbs","7":"desktop-align-center","8":"tablet-align-left","9":"mobile-align-left","11":"first","12":"instock","13":"taxable","14":"shipping-taxable","15":"purchasable","16":"product-type-variable"},"_links":{"self":[{"href":"https:\/\/nokermani.lv\/index.php?rest_route=\/wp\/v2\/product\/2100","targetHints":{"allow":["GET"]}}],"collection":[{"href":"https:\/\/nokermani.lv\/index.php?rest_route=\/wp\/v2\/product"}],"about":[{"href":"https:\/\/nokermani.lv\/index.php?rest_route=\/wp\/v2\/types\/product"}],"wp:featuredmedia":[{"embeddable":true,"href":"https:\/\/nokermani.lv\/index.php?rest_route=\/wp\/v2\/media\/2104"}],"wp:attachment":[{"href":"https:\/\/nokermani.lv\/index.php?rest_route=%2Fwp%2Fv2%2Fmedia&parent=2100"}],"wp:term":[{"taxonomy":"product_brand","embeddable":true,"href":"https:\/\/nokermani.lv\/index.php?rest_route=%2Fwp%2Fv2%2Fproduct_brand&post=2100"},{"taxonomy":"product_cat","embeddable":true,"href":"https:\/\/nokermani.lv\/index.php?rest_route=%2Fwp%2Fv2%2Fproduct_cat&post=2100"},{"taxonomy":"product_tag","embeddable":true,"href":"https:\/\/nokermani.lv\/index.php?rest_route=%2Fwp%2Fv2%2Fproduct_tag&post=2100"}],"curies":[{"name":"wp","href":"https:\/\/api.w.org\/{rel}","templated":true}]}}