{"id":2136,"date":"2024-11-19T11:44:53","date_gmt":"2024-11-19T11:44:53","guid":{"rendered":"https:\/\/nokermani.lv\/?post_type=product&#038;p=2136"},"modified":"2024-11-25T08:05:35","modified_gmt":"2024-11-25T08:05:35","slug":"hudijs","status":"publish","type":"product","link":"https:\/\/nokermani.lv\/?product=hudijs","title":{"rendered":"B\u0113rnu H\u016bdijs"},"content":{"rendered":"<p>Silts h\u016bdijs ar kapuci, kur\u0161 noder\u0113s v\u0113sos laika apst\u0101k\u013cos gan treni\u0146os, gan akt\u012bv\u0101 atp\u016bt\u0101.Art.-Nr.: BCWK682<\/p>\n<ul>\n<li>Kokvilna\/re\u0123ener\u0113ts poliesters<\/li>\n<li>Ton\u0113ts r\u0101v\u0113jsl\u0113dz\u0113js ar apmali<\/li>\n<li>Kapuce no tr\u012bs pane\u013ciem ar iek\u0161\u0113j\u0101m austi\u0146u cilp\u0101m<\/li>\n<li>Vienk\u0101r\u0161a trikot\u0101\u017eas oder\u0113ta kapuce ar tv\u012bda lenti kakla izgriezum\u0101<\/li>\n<li>2 priek\u0161\u0113j\u0101s kabatas ar pastiprin\u0101t\u0101m \u0161uv\u0113m<\/li>\n<li>Lab\u0101s puses iek\u0161\u0113j\u0101 kabata ar atveri austi\u0146u vadam<\/li>\n<li>Plakan\u0161uvju apdare uz pleciem un piedurk\u0146u \u0161uv\u0113m<\/li>\n<li>Aproces un apak\u0161mala 1&#215;1 rib\u0101 ar elast\u0101nu<\/li>\n<li>Ieg\u0101d\u0101joties \u0161o produktu j\u016bs atbalst\u0101t atbild\u012bgu kokvilnas ra\u017eo\u0161anu, tiek izmants 100% ilgtsp\u0113j\u012bg\u0101kus materi\u0101lus visiem kokvilnas izstr\u0101d\u0101jumiem.<\/li>\n<\/ul>\n<p><strong>Inform\u0101cija:<\/strong><\/p>\n<ul>\n<li>Sertifik\u0101ti: Re\u0123ener\u0113ts poliesters, Veg\u0101ns, God\u012bgi darba apst\u0101k\u013ci, Oeko-Tex 100, Better Cotton<\/li>\n<\/ul>\n<p><strong>Sast\u0101vs:<\/strong> 80% kokvilna \/ 20% poliesters<br \/>\n<strong>Oeko-Tex:<\/strong> OEKO-TEX\u00ae STANDARD 100: 2402037 Centexbel<\/p>\n<p><strong>Piedurknes:<\/strong> Garas, ar aproc\u0113m<br \/>\n<strong>Kr\u0101sa:<\/strong> Vienkr\u0101sains, viegli ton\u0113ts<br \/>\n<strong>Kop\u0161anas instrukcija:<\/strong> Mazg\u0101jams 40\u00b0C temperat\u016br\u0101, piem\u0113rots \u017e\u0101v\u0113\u0161anai ve\u013cas \u017e\u0101v\u0113t\u0101j\u0101, dr\u012bkst gludin\u0101t<\/p>\n<p><strong>D\u017eemperu\/jaku deta\u013cas:<\/strong> D\u017eemperi ar r\u0101v\u0113jsl\u0113dz\u0113ju<br \/>\n<strong>Piegriezums:<\/strong> Regul\u0101rs piegriezums<\/p>\n<p><strong>Deta\u013cas:<\/strong> Plastmasas r\u0101v\u0113jsl\u0113dz\u0113js<\/p>\n<p><strong>Izm\u0113ri:<\/strong><br \/>\n3\/4 gadi (98\/104 cm), 5\/6 gadi (110\/116 cm), 7\/8 gadi (122\/128 cm), 9\/11 gadi (134\/146 cm), 12\/14 gadi (152\/164 cm)<\/p>\n","protected":false},"excerpt":{"rendered":"<p>Silts h\u016bdijs ar kapuci, kur\u0161 noder\u0113s v\u0113sos laika apst\u0101k\u013cos gan treni\u0146os, gan akt\u012bv\u0101 atp\u016bt\u0101.Art.-Nr.: BCWK682 Kokvilna\/re\u0123ener\u0113ts poliesters Ton\u0113ts r\u0101v\u0113jsl\u0113dz\u0113js ar apmali Kapuce no tr\u012bs pane\u013ciem ar iek\u0161\u0113j\u0101m austi\u0146u cilp\u0101m Vienk\u0101r\u0161a trikot\u0101\u017eas oder\u0113ta kapuce ar tv\u012bda lenti kakla izgriezum\u0101 2 priek\u0161\u0113j\u0101s kabatas ar pastiprin\u0101t\u0101m \u0161uv\u0113m Lab\u0101s puses iek\u0161\u0113j\u0101 kabata ar atveri austi\u0146u vadam Plakan\u0161uvju apdare uz &hellip;<\/p>\n<p class=\"read-more\"> <a class=\"\" href=\"https:\/\/nokermani.lv\/?product=hudijs\"> <span class=\"screen-reader-text\">B\u0113rnu H\u016bdijs<\/span> Read More &raquo;<\/a><\/p>\n","protected":false},"featured_media":2138,"template":"","meta":{"site-sidebar-layout":"default","site-content-layout":"default","ast-global-header-display":"","ast-main-header-display":"","ast-hfb-above-header-display":"","ast-hfb-below-header-display":"","ast-hfb-mobile-header-display":"","site-post-title":"","ast-breadcrumbs-content":"","ast-featured-img":"","footer-sml-layout":"","theme-transparent-header-meta":"default","adv-header-id-meta":"","stick-header-meta":"","header-above-stick-meta":"","header-main-stick-meta":"","header-below-stick-meta":""},"product_brand":[],"product_cat":[45],"product_tag":[],"class_list":{"0":"post-2136","1":"product","2":"type-product","3":"status-publish","4":"has-post-thumbnail","6":"product_cat-bernu-apgerbs","7":"desktop-align-center","8":"tablet-align-left","9":"mobile-align-left","11":"first","12":"instock","13":"taxable","14":"shipping-taxable","15":"purchasable","16":"product-type-variable"},"_links":{"self":[{"href":"https:\/\/nokermani.lv\/index.php?rest_route=\/wp\/v2\/product\/2136","targetHints":{"allow":["GET"]}}],"collection":[{"href":"https:\/\/nokermani.lv\/index.php?rest_route=\/wp\/v2\/product"}],"about":[{"href":"https:\/\/nokermani.lv\/index.php?rest_route=\/wp\/v2\/types\/product"}],"wp:featuredmedia":[{"embeddable":true,"href":"https:\/\/nokermani.lv\/index.php?rest_route=\/wp\/v2\/media\/2138"}],"wp:attachment":[{"href":"https:\/\/nokermani.lv\/index.php?rest_route=%2Fwp%2Fv2%2Fmedia&parent=2136"}],"wp:term":[{"taxonomy":"product_brand","embeddable":true,"href":"https:\/\/nokermani.lv\/index.php?rest_route=%2Fwp%2Fv2%2Fproduct_brand&post=2136"},{"taxonomy":"product_cat","embeddable":true,"href":"https:\/\/nokermani.lv\/index.php?rest_route=%2Fwp%2Fv2%2Fproduct_cat&post=2136"},{"taxonomy":"product_tag","embeddable":true,"href":"https:\/\/nokermani.lv\/index.php?rest_route=%2Fwp%2Fv2%2Fproduct_tag&post=2136"}],"curies":[{"name":"wp","href":"https:\/\/api.w.org\/{rel}","templated":true}]}}