{"id":2150,"date":"2024-11-19T11:59:16","date_gmt":"2024-11-19T11:59:16","guid":{"rendered":"https:\/\/nokermani.lv\/?post_type=product&#038;p=2150"},"modified":"2024-11-25T08:13:05","modified_gmt":"2024-11-25T08:13:05","slug":"hudijs-3","status":"publish","type":"product","link":"https:\/\/nokermani.lv\/?product=hudijs-3","title":{"rendered":"V\u012brie\u0161u H\u016bdijs"},"content":{"rendered":"<p>Silts h\u016bdijs ar kapuci, kur\u0161 noder\u0113s v\u0113sos laika apst\u0101k\u013cos gan fizisk\u0101m aktivit\u0101t\u0113m, gan ikdienas aktivit\u0101t\u0113m.<\/p>\n<p>Art.-Nr.: BCWU03K<\/p>\n<ul>\n<li>Kokvilna\/re\u0123ener\u0113ts poliesters<\/li>\n<li>S\u0101nu \u0161uves<\/li>\n<li>Vienk\u0101r\u0161as trikot\u0101\u017eas oder\u0113ta kapuce<\/li>\n<li>Plakanas auklas ar luksusa met\u0101la galiem<\/li>\n<li>Kvalitat\u012bva un ilgsto\u0161a kakla lence<\/li>\n<li>P\u0101rkl\u0101ts met\u0101la r\u0101v\u0113jsl\u0113dz\u0113js<\/li>\n<li>Ultra-m\u012bksta divk\u0101r\u0161a sat\u012bna eti\u0137ete<\/li>\n<li>Ieg\u0101d\u0101joties \u0161o produktu\u00a0 j\u016bs atbalst\u0101t atbild\u012bgu kokvilnas ra\u017eo\u0161anu caur Better Cotton programmu*. B&amp;C izmanto 100% ilgtsp\u0113j\u012bg\u0101kus materi\u0101lus visiem kokvilnas izstr\u0101d\u0101jumiem. *\u0160is produkts tiek ieg\u016bts caur masu balansa sist\u0113mu un var nesatur\u0113t Better Cotton materi\u0101lu.<\/li>\n<\/ul>\n<p><strong>Inform\u0101cija:<\/strong><\/p>\n<ul>\n<li>Materi\u0101ls: Trikot\u0101\u017ea<\/li>\n<li>Sertifik\u0101ti: Re\u0123ener\u0113ts poliesters, Veg\u0101ns, God\u012bgi darba apst\u0101k\u013ci, Oeko-Tex 100, Better Cotton<\/li>\n<\/ul>\n<p><strong>Sast\u0101vs:<\/strong><\/p>\n<ul>\n<li>80% kokvilna \/ 20% poliester<\/li>\n<\/ul>\n<p><strong>Oeko-Tex:<\/strong> OEKO-TEX\u00ae STANDARD 100: 2402037 Centexbel<\/p>\n<p><strong>Piedurknes:<\/strong> Garas, ar aproc\u0113m<br \/>\n<strong>Kop\u0161anas instrukcija:<\/strong> Mazg\u0101jams 30\u00b0C temperat\u016br\u0101, dr\u012bkst gludin\u0101t<\/p>\n<p><strong>Apstr\u0101de:<\/strong> Iepriek\u0161 sarauta kokvilna, iek\u0161puse ar uzbirsti, s\u0101nu \u0161uves<\/p>\n<p><strong>D\u017eemperu\/Jaku deta\u013cas:<\/strong> D\u017eemperi ar r\u0101v\u0113jsl\u0113dz\u0113ju un kapuci<\/p>\n<p><strong>Izm\u0113ri:<\/strong> XS, S, M, L, XL, XXL, 3XL, 4XL<\/p>\n","protected":false},"excerpt":{"rendered":"<p>Silts h\u016bdijs ar kapuci, kur\u0161 noder\u0113s v\u0113sos laika apst\u0101k\u013cos gan fizisk\u0101m aktivit\u0101t\u0113m, gan ikdienas aktivit\u0101t\u0113m. Art.-Nr.: BCWU03K Kokvilna\/re\u0123ener\u0113ts poliesters S\u0101nu \u0161uves Vienk\u0101r\u0161as trikot\u0101\u017eas oder\u0113ta kapuce Plakanas auklas ar luksusa met\u0101la galiem Kvalitat\u012bva un ilgsto\u0161a kakla lence P\u0101rkl\u0101ts met\u0101la r\u0101v\u0113jsl\u0113dz\u0113js Ultra-m\u012bksta divk\u0101r\u0161a sat\u012bna eti\u0137ete Ieg\u0101d\u0101joties \u0161o produktu\u00a0 j\u016bs atbalst\u0101t atbild\u012bgu kokvilnas ra\u017eo\u0161anu caur Better Cotton programmu*. &hellip;<\/p>\n<p class=\"read-more\"> <a class=\"\" href=\"https:\/\/nokermani.lv\/?product=hudijs-3\"> <span class=\"screen-reader-text\">V\u012brie\u0161u H\u016bdijs<\/span> Read More &raquo;<\/a><\/p>\n","protected":false},"featured_media":2152,"template":"","meta":{"site-sidebar-layout":"default","site-content-layout":"default","ast-global-header-display":"","ast-main-header-display":"","ast-hfb-above-header-display":"","ast-hfb-below-header-display":"","ast-hfb-mobile-header-display":"","site-post-title":"","ast-breadcrumbs-content":"","ast-featured-img":"","footer-sml-layout":"","theme-transparent-header-meta":"default","adv-header-id-meta":"","stick-header-meta":"","header-above-stick-meta":"","header-main-stick-meta":"","header-below-stick-meta":""},"product_brand":[],"product_cat":[43],"product_tag":[],"class_list":{"0":"post-2150","1":"product","2":"type-product","3":"status-publish","4":"has-post-thumbnail","6":"product_cat-viriesu-apgerbs","7":"desktop-align-center","8":"tablet-align-left","9":"mobile-align-left","11":"first","12":"instock","13":"taxable","14":"shipping-taxable","15":"purchasable","16":"product-type-variable"},"_links":{"self":[{"href":"https:\/\/nokermani.lv\/index.php?rest_route=\/wp\/v2\/product\/2150","targetHints":{"allow":["GET"]}}],"collection":[{"href":"https:\/\/nokermani.lv\/index.php?rest_route=\/wp\/v2\/product"}],"about":[{"href":"https:\/\/nokermani.lv\/index.php?rest_route=\/wp\/v2\/types\/product"}],"wp:featuredmedia":[{"embeddable":true,"href":"https:\/\/nokermani.lv\/index.php?rest_route=\/wp\/v2\/media\/2152"}],"wp:attachment":[{"href":"https:\/\/nokermani.lv\/index.php?rest_route=%2Fwp%2Fv2%2Fmedia&parent=2150"}],"wp:term":[{"taxonomy":"product_brand","embeddable":true,"href":"https:\/\/nokermani.lv\/index.php?rest_route=%2Fwp%2Fv2%2Fproduct_brand&post=2150"},{"taxonomy":"product_cat","embeddable":true,"href":"https:\/\/nokermani.lv\/index.php?rest_route=%2Fwp%2Fv2%2Fproduct_cat&post=2150"},{"taxonomy":"product_tag","embeddable":true,"href":"https:\/\/nokermani.lv\/index.php?rest_route=%2Fwp%2Fv2%2Fproduct_tag&post=2150"}],"curies":[{"name":"wp","href":"https:\/\/api.w.org\/{rel}","templated":true}]}}