{"id":2192,"date":"2024-11-19T19:30:09","date_gmt":"2024-11-19T19:30:09","guid":{"rendered":"https:\/\/nokermani.lv\/?post_type=product&#038;p=2192"},"modified":"2024-11-25T09:12:25","modified_gmt":"2024-11-25T09:12:25","slug":"softshell-jakas-ar-kapuci","status":"publish","type":"product","link":"https:\/\/nokermani.lv\/?product=softshell-jakas-ar-kapuci","title":{"rendered":"Softshell jakas ar kapuci- B\u0113rniem"},"content":{"rendered":"<p>94% poliesters, 6% elast\u0101ns<br \/>\nTPU membr\u0101na<br \/>\nMikrofl\u012bss: 100% poliesters, pretpl\u012b\u0161anas apdare<br \/>\n\u016adensiztur\u012bgs 14 000 mm, elpojo\u0161s 2 000 g\/m\u00b2\/24h<\/p>\n<p>3 sl\u0101\u0146u softshell ar membr\u0101nu<\/p>\n<p>Pilna garuma reverss spoles r\u0101v\u0113jsl\u0113dz\u0113js ar zoda aizsardz\u012bbu<\/p>\n<p>No\u0146emama kapuce<\/p>\n<p>Piedurk\u0146u apmales regul\u0113jamas ar velcro<\/p>\n<p>Apak\u0161mala regul\u0113jama ar elast\u012bgu savilk\u0161anas auklu<\/p>\n<p>Kr\u016b\u0161u kabatas<\/p>\n<p>Izliekta un nedaudz pagarin\u0101ta muguras da\u013ca<\/p>\n<p>&nbsp;<\/p>\n<p><strong>\u00a0Softshell jaka b\u0113rniem<\/strong><\/p>\n<p><strong>Materi\u0101ls:<\/strong><\/p>\n<ul>\n<li>Softshell: 94% poliesters, 6% elast\u0101ns<\/li>\n<li>TPU membr\u0101na<\/li>\n<li>Mikrofl\u012bss: 100% poliesters, ar aizsardz\u012bbu pret p\u016bko\u0161anos<\/li>\n<\/ul>\n<p><strong>\u012apa\u0161\u012bbas:<\/strong><\/p>\n<ul>\n<li>\u016adensnecaurlaid\u012bga (14 000 mm), elpojo\u0161a (2 000 g\/m\u00b2\/24h)<\/li>\n<li>Tr\u012bssl\u0101\u0146u softshell ar membr\u0101nu<\/li>\n<li>Pilna garuma reverss r\u0101v\u0113jsl\u0113dz\u0113js ar aizsardz\u012bbu zodam<\/li>\n<li>No\u0146emama kapuce<\/li>\n<li>Piedurk\u0146u gali regul\u0113jami ar velcro<\/li>\n<li>Apak\u0161mala regul\u0113jama ar elast\u012bgu savilk\u0161anas auklu<\/li>\n<li>Kabatas ar reversu r\u0101v\u0113jsl\u0113dz\u0113ju<\/li>\n<li>Kr\u016b\u0161u kabatas<\/li>\n<li>Iek\u0161\u0113j\u0101 kr\u016b\u0161u kabata ar r\u0101v\u0113jsl\u0113dz\u0113ju<\/li>\n<li>Izliekta un nedaudz pagarin\u0101ta muguras da\u013ca<\/li>\n<li>Iek\u0161\u0113jais fl\u012bss ar aizsardz\u012bbu pret p\u016bko\u0161anos<\/li>\n<li>Softshell materi\u0101la kop\u0161anas instrukcijas<\/li>\n<\/ul>\n<p><strong>Svars:<\/strong><br \/>\n300 g\/m\u00b2<\/p>\n<p><strong>Izm\u0113ri:<\/strong><br \/>\n122 cm\/6 gadi &#8211;\u00a0 158 cm\/12 gadi<\/p>\n","protected":false},"excerpt":{"rendered":"<p>94% poliesters, 6% elast\u0101ns TPU membr\u0101na Mikrofl\u012bss: 100% poliesters, pretpl\u012b\u0161anas apdare \u016adensiztur\u012bgs 14 000 mm, elpojo\u0161s 2 000 g\/m\u00b2\/24h 3 sl\u0101\u0146u softshell ar membr\u0101nu Pilna garuma reverss spoles r\u0101v\u0113jsl\u0113dz\u0113js ar zoda aizsardz\u012bbu No\u0146emama kapuce Piedurk\u0146u apmales regul\u0113jamas ar velcro Apak\u0161mala regul\u0113jama ar elast\u012bgu savilk\u0161anas auklu Kr\u016b\u0161u kabatas Izliekta un nedaudz pagarin\u0101ta muguras da\u013ca &nbsp; \u00a0Softshell &hellip;<\/p>\n<p class=\"read-more\"> <a class=\"\" href=\"https:\/\/nokermani.lv\/?product=softshell-jakas-ar-kapuci\"> <span class=\"screen-reader-text\">Softshell jakas ar kapuci- B\u0113rniem<\/span> Read More &raquo;<\/a><\/p>\n","protected":false},"featured_media":2196,"template":"","meta":{"site-sidebar-layout":"default","site-content-layout":"default","ast-global-header-display":"","ast-main-header-display":"","ast-hfb-above-header-display":"","ast-hfb-below-header-display":"","ast-hfb-mobile-header-display":"","site-post-title":"","ast-breadcrumbs-content":"","ast-featured-img":"","footer-sml-layout":"","theme-transparent-header-meta":"default","adv-header-id-meta":"","stick-header-meta":"","header-above-stick-meta":"","header-main-stick-meta":"","header-below-stick-meta":""},"product_brand":[],"product_cat":[45],"product_tag":[],"class_list":{"0":"post-2192","1":"product","2":"type-product","3":"status-publish","4":"has-post-thumbnail","6":"product_cat-bernu-apgerbs","7":"desktop-align-center","8":"tablet-align-left","9":"mobile-align-left","11":"first","12":"instock","13":"taxable","14":"shipping-taxable","15":"purchasable","16":"product-type-variable"},"_links":{"self":[{"href":"https:\/\/nokermani.lv\/index.php?rest_route=\/wp\/v2\/product\/2192","targetHints":{"allow":["GET"]}}],"collection":[{"href":"https:\/\/nokermani.lv\/index.php?rest_route=\/wp\/v2\/product"}],"about":[{"href":"https:\/\/nokermani.lv\/index.php?rest_route=\/wp\/v2\/types\/product"}],"wp:featuredmedia":[{"embeddable":true,"href":"https:\/\/nokermani.lv\/index.php?rest_route=\/wp\/v2\/media\/2196"}],"wp:attachment":[{"href":"https:\/\/nokermani.lv\/index.php?rest_route=%2Fwp%2Fv2%2Fmedia&parent=2192"}],"wp:term":[{"taxonomy":"product_brand","embeddable":true,"href":"https:\/\/nokermani.lv\/index.php?rest_route=%2Fwp%2Fv2%2Fproduct_brand&post=2192"},{"taxonomy":"product_cat","embeddable":true,"href":"https:\/\/nokermani.lv\/index.php?rest_route=%2Fwp%2Fv2%2Fproduct_cat&post=2192"},{"taxonomy":"product_tag","embeddable":true,"href":"https:\/\/nokermani.lv\/index.php?rest_route=%2Fwp%2Fv2%2Fproduct_tag&post=2192"}],"curies":[{"name":"wp","href":"https:\/\/api.w.org\/{rel}","templated":true}]}}