{"id":2229,"date":"2024-11-19T19:51:38","date_gmt":"2024-11-19T19:51:38","guid":{"rendered":"https:\/\/nokermani.lv\/?post_type=product&#038;p=2229"},"modified":"2024-11-24T11:05:38","modified_gmt":"2024-11-24T11:05:38","slug":"sporta-bikses","status":"publish","type":"product","link":"https:\/\/nokermani.lv\/?product=sporta-bikses","title":{"rendered":"Sporta bikses"},"content":{"rendered":"<p><strong>Sporta bikses<\/strong><br \/>\nArt.-Nr.: TJ5425<\/p>\n<ul>\n<li>Gredzenveida kokvilna<\/li>\n<li>Tr\u012bsk\u0101r\u0161s audums<\/li>\n<li>Divk\u0101r\u0161a kr\u0101so\u0161ana<\/li>\n<li>Plakan\u0161uvju \u0161uvums<\/li>\n<li>Divas s\u0101nu kabatas un viena aizmugures kabata<\/li>\n<\/ul>\n<p><strong>Inform\u0101cija:<\/strong><\/p>\n<ul>\n<li>Sertifik\u0101ti: God\u012bgas darba apst\u0101k\u013ci\n<ul>\n<li>Oeko-Tex 100<\/li>\n<li>Lab\u0101k\u0101 kokvilna<\/li>\n<\/ul>\n<\/li>\n<\/ul>\n<p><strong>Sast\u0101vs:<\/strong> 70% kokvilna \/ 30% poliesters<br \/>\n<strong>Oeko-Tex:<\/strong> OEKO-TEX\u00ae STANDARD 100: 2176-338 DTI<\/p>\n<p><strong>Funkcionalit\u0101te:<\/strong> Sporta izstr\u0101d\u0101jumi<br \/>\n<strong>Bik\u0161u veids:<\/strong> Garas bikses<br \/>\n<strong>Kop\u0161anas instrukcija:<\/strong> Mazg\u0101jamas 40\u00b0C temperat\u016br\u0101, dr\u012bkst gludin\u0101t<br \/>\n<strong>Piegriezums:<\/strong> Regul\u0101rs piegriezums<\/p>\n<p><strong>Pieejamie izm\u0113ri:<\/strong> XS, S, M, L, XL, XXL<\/p>\n","protected":false},"excerpt":{"rendered":"<p>Sporta bikses Art.-Nr.: TJ5425 Gredzenveida kokvilna Tr\u012bsk\u0101r\u0161s audums Divk\u0101r\u0161a kr\u0101so\u0161ana Plakan\u0161uvju \u0161uvums Divas s\u0101nu kabatas un viena aizmugures kabata Inform\u0101cija: Sertifik\u0101ti: God\u012bgas darba apst\u0101k\u013ci Oeko-Tex 100 Lab\u0101k\u0101 kokvilna Sast\u0101vs: 70% kokvilna \/ 30% poliesters Oeko-Tex: OEKO-TEX\u00ae STANDARD 100: 2176-338 DTI Funkcionalit\u0101te: Sporta izstr\u0101d\u0101jumi Bik\u0161u veids: Garas bikses Kop\u0161anas instrukcija: Mazg\u0101jamas 40\u00b0C temperat\u016br\u0101, dr\u012bkst gludin\u0101t Piegriezums: &hellip;<\/p>\n<p class=\"read-more\"> <a class=\"\" href=\"https:\/\/nokermani.lv\/?product=sporta-bikses\"> <span class=\"screen-reader-text\">Sporta bikses<\/span> Read More &raquo;<\/a><\/p>\n","protected":false},"featured_media":2230,"template":"","meta":{"site-sidebar-layout":"default","site-content-layout":"default","ast-global-header-display":"","ast-main-header-display":"","ast-hfb-above-header-display":"","ast-hfb-below-header-display":"","ast-hfb-mobile-header-display":"","site-post-title":"","ast-breadcrumbs-content":"","ast-featured-img":"","footer-sml-layout":"","theme-transparent-header-meta":"default","adv-header-id-meta":"","stick-header-meta":"","header-above-stick-meta":"","header-main-stick-meta":"","header-below-stick-meta":""},"product_brand":[],"product_cat":[44,43],"product_tag":[],"class_list":{"0":"post-2229","1":"product","2":"type-product","3":"status-publish","4":"has-post-thumbnail","6":"product_cat-sieviesu-apgerbs","7":"product_cat-viriesu-apgerbs","8":"desktop-align-center","9":"tablet-align-left","10":"mobile-align-left","12":"first","13":"instock","14":"taxable","15":"shipping-taxable","16":"purchasable","17":"product-type-variable"},"_links":{"self":[{"href":"https:\/\/nokermani.lv\/index.php?rest_route=\/wp\/v2\/product\/2229","targetHints":{"allow":["GET"]}}],"collection":[{"href":"https:\/\/nokermani.lv\/index.php?rest_route=\/wp\/v2\/product"}],"about":[{"href":"https:\/\/nokermani.lv\/index.php?rest_route=\/wp\/v2\/types\/product"}],"wp:featuredmedia":[{"embeddable":true,"href":"https:\/\/nokermani.lv\/index.php?rest_route=\/wp\/v2\/media\/2230"}],"wp:attachment":[{"href":"https:\/\/nokermani.lv\/index.php?rest_route=%2Fwp%2Fv2%2Fmedia&parent=2229"}],"wp:term":[{"taxonomy":"product_brand","embeddable":true,"href":"https:\/\/nokermani.lv\/index.php?rest_route=%2Fwp%2Fv2%2Fproduct_brand&post=2229"},{"taxonomy":"product_cat","embeddable":true,"href":"https:\/\/nokermani.lv\/index.php?rest_route=%2Fwp%2Fv2%2Fproduct_cat&post=2229"},{"taxonomy":"product_tag","embeddable":true,"href":"https:\/\/nokermani.lv\/index.php?rest_route=%2Fwp%2Fv2%2Fproduct_tag&post=2229"}],"curies":[{"name":"wp","href":"https:\/\/api.w.org\/{rel}","templated":true}]}}