{"id":2253,"date":"2024-11-19T20:10:38","date_gmt":"2024-11-19T20:10:38","guid":{"rendered":"https:\/\/nokermani.lv\/?post_type=product&#038;p=2253"},"modified":"2024-11-24T10:38:55","modified_gmt":"2024-11-24T10:38:55","slug":"sorti-2","status":"publish","type":"product","link":"https:\/\/nokermani.lv\/?product=sorti-2","title":{"rendered":"\u0160orti"},"content":{"rendered":"<ul>\n<li><strong>Relaks\u0113ts piegriezums<\/strong><\/li>\n<li>AWDis viegls Neoteric\u2122 tekstur\u0113ts audums ar dab\u012bgu mitruma absorbciju<\/li>\n<li>\u0100tri \u017e\u016bsto\u0161s audums<\/li>\n<li>Iek\u0161\u0113j\u0101 kabata atsl\u0113g\u0101m<\/li>\n<li>Sieta odere iek\u0161pus\u0113<\/li>\n<li>Elast\u012bga jostasvieta<\/li>\n<li>Kabatas s\u0101nu \u0161uv\u0113s<\/li>\n<li>Noraujama eti\u0137ete<\/li>\n<\/ul>\n<p>&nbsp;<\/p>\n<ul>\n<li><strong>Materi\u0101la \u012bpa\u0161\u012bbas:<\/strong> Elast\u012bgs<\/li>\n<li><strong>Sertifik\u0101ti:<\/strong>\n<ul>\n<li>Vegan<\/li>\n<li>WRAP (God\u012bgi darba apst\u0101k\u013ci)<\/li>\n<\/ul>\n<\/li>\n<li><strong>Sast\u0101vs:<\/strong> 100% poliesters<\/li>\n<li><strong>Funkcionalit\u0101te:<\/strong> Sporta preces<\/li>\n<li><strong>Bikses (veids):<\/strong> Treni\u0146bikses<\/li>\n<\/ul>\n<h3>Apkope:<\/h3>\n<ul>\n<li><strong>Mazg\u0101\u0161anas nor\u0101d\u012bjumi:<\/strong> Mazg\u0101t 30\u00b0C<\/li>\n<li><strong>Garums:<\/strong> \u012asas bikses<\/li>\n<li><strong>Eti\u0137ete:<\/strong> No\u0146emama<\/li>\n<li><strong>Piegriezums:<\/strong> Regul\u0101rs piegriezums<\/li>\n<li><strong>Izm\u0113ru skala (gadi):<\/strong>\n<ul>\n<li>3\/4 gadi (XS)<\/li>\n<li>5\/6 gadi (S)<\/li>\n<li>7\/8 gadi (M)<\/li>\n<li>9\/11 gadi (L)<\/li>\n<li>12\/13 gadi (XL)<\/li>\n<\/ul>\n<\/li>\n<\/ul>\n","protected":false},"excerpt":{"rendered":"<p>Relaks\u0113ts piegriezums AWDis viegls Neoteric\u2122 tekstur\u0113ts audums ar dab\u012bgu mitruma absorbciju \u0100tri \u017e\u016bsto\u0161s audums Iek\u0161\u0113j\u0101 kabata atsl\u0113g\u0101m Sieta odere iek\u0161pus\u0113 Elast\u012bga jostasvieta Kabatas s\u0101nu \u0161uv\u0113s Noraujama eti\u0137ete &nbsp; Materi\u0101la \u012bpa\u0161\u012bbas: Elast\u012bgs Sertifik\u0101ti: Vegan WRAP (God\u012bgi darba apst\u0101k\u013ci) Sast\u0101vs: 100% poliesters Funkcionalit\u0101te: Sporta preces Bikses (veids): Treni\u0146bikses Apkope: Mazg\u0101\u0161anas nor\u0101d\u012bjumi: Mazg\u0101t 30\u00b0C Garums: \u012asas bikses Eti\u0137ete: &hellip;<\/p>\n<p class=\"read-more\"> <a class=\"\" href=\"https:\/\/nokermani.lv\/?product=sorti-2\"> <span class=\"screen-reader-text\">\u0160orti<\/span> Read More &raquo;<\/a><\/p>\n","protected":false},"featured_media":2254,"template":"","meta":{"site-sidebar-layout":"default","site-content-layout":"default","ast-global-header-display":"","ast-main-header-display":"","ast-hfb-above-header-display":"","ast-hfb-below-header-display":"","ast-hfb-mobile-header-display":"","site-post-title":"","ast-breadcrumbs-content":"","ast-featured-img":"","footer-sml-layout":"","theme-transparent-header-meta":"default","adv-header-id-meta":"","stick-header-meta":"","header-above-stick-meta":"","header-main-stick-meta":"","header-below-stick-meta":""},"product_brand":[],"product_cat":[45],"product_tag":[],"class_list":{"0":"post-2253","1":"product","2":"type-product","3":"status-publish","4":"has-post-thumbnail","6":"product_cat-bernu-apgerbs","7":"desktop-align-center","8":"tablet-align-left","9":"mobile-align-left","11":"first","12":"instock","13":"taxable","14":"shipping-taxable","15":"purchasable","16":"product-type-variable"},"_links":{"self":[{"href":"https:\/\/nokermani.lv\/index.php?rest_route=\/wp\/v2\/product\/2253","targetHints":{"allow":["GET"]}}],"collection":[{"href":"https:\/\/nokermani.lv\/index.php?rest_route=\/wp\/v2\/product"}],"about":[{"href":"https:\/\/nokermani.lv\/index.php?rest_route=\/wp\/v2\/types\/product"}],"wp:featuredmedia":[{"embeddable":true,"href":"https:\/\/nokermani.lv\/index.php?rest_route=\/wp\/v2\/media\/2254"}],"wp:attachment":[{"href":"https:\/\/nokermani.lv\/index.php?rest_route=%2Fwp%2Fv2%2Fmedia&parent=2253"}],"wp:term":[{"taxonomy":"product_brand","embeddable":true,"href":"https:\/\/nokermani.lv\/index.php?rest_route=%2Fwp%2Fv2%2Fproduct_brand&post=2253"},{"taxonomy":"product_cat","embeddable":true,"href":"https:\/\/nokermani.lv\/index.php?rest_route=%2Fwp%2Fv2%2Fproduct_cat&post=2253"},{"taxonomy":"product_tag","embeddable":true,"href":"https:\/\/nokermani.lv\/index.php?rest_route=%2Fwp%2Fv2%2Fproduct_tag&post=2253"}],"curies":[{"name":"wp","href":"https:\/\/api.w.org\/{rel}","templated":true}]}}