{"id":2257,"date":"2024-11-21T07:16:12","date_gmt":"2024-11-21T07:16:12","guid":{"rendered":"https:\/\/nokermani.lv\/?post_type=product&#038;p=2257"},"modified":"2024-11-24T10:50:21","modified_gmt":"2024-11-24T10:50:21","slug":"isie-sorti","status":"publish","type":"product","link":"https:\/\/nokermani.lv\/?product=isie-sorti","title":{"rendered":"\u012asie \u0161orti"},"content":{"rendered":"<ul>\n<li><strong>Piln\u012bb\u0101 elast\u012bga jostasvieta.<\/strong><\/li>\n<li>Audums ar mitruma novad\u012b\u0161anas \u012bpa\u0161\u012bb\u0101m, nodro\u0161inot v\u0113sumu un komfortu.<\/li>\n<li>Sieta odere.<\/li>\n<li>Divas s\u0101nu kabatas.<\/li>\n<li>Sast\u0101vs: 100% poliestera mikro\u0161\u0137iedra \/ 100% poliestera sieta oder\u0113jums.<\/li>\n<li>Piegu\u013co\u0161s piegriezums.<\/li>\n<\/ul>\n<h3>Inform\u0101cija:<\/h3>\n<ul>\n<li><strong>Sertifik\u0101ti:<\/strong>\n<ul>\n<li>God\u012bgu darba apst\u0101k\u013cu sertifik\u0101ts.<\/li>\n<li>Oeko-Tex 100 (OEKO-TEX\u00ae STANDARD 100: 11-43513 Shirley).<\/li>\n<\/ul>\n<\/li>\n<li><strong>Funkcionalit\u0101te:<\/strong> Piem\u0113roti sportam.<\/li>\n<li><strong>Apkope:<\/strong>\n<ul>\n<li>Mazg\u0101jami 30\u00b0C temperat\u016br\u0101.<\/li>\n<li>Gludin\u0101mi.<\/li>\n<\/ul>\n<\/li>\n<\/ul>\n<h3>Papildu \u012bpa\u0161\u012bbas:<\/h3>\n<ul>\n<li>Elpojo\u0161i.<\/li>\n<li>Regul\u0101rs piegriezums ar s\u0101nu \u0161\u0137\u0113lumiem.<\/li>\n<\/ul>\n","protected":false},"excerpt":{"rendered":"<p>Piln\u012bb\u0101 elast\u012bga jostasvieta. Audums ar mitruma novad\u012b\u0161anas \u012bpa\u0161\u012bb\u0101m, nodro\u0161inot v\u0113sumu un komfortu. Sieta odere. Divas s\u0101nu kabatas. Sast\u0101vs: 100% poliestera mikro\u0161\u0137iedra \/ 100% poliestera sieta oder\u0113jums. Piegu\u013co\u0161s piegriezums. Inform\u0101cija: Sertifik\u0101ti: God\u012bgu darba apst\u0101k\u013cu sertifik\u0101ts. Oeko-Tex 100 (OEKO-TEX\u00ae STANDARD 100: 11-43513 Shirley). Funkcionalit\u0101te: Piem\u0113roti sportam. Apkope: Mazg\u0101jami 30\u00b0C temperat\u016br\u0101. Gludin\u0101mi. Papildu \u012bpa\u0161\u012bbas: Elpojo\u0161i. Regul\u0101rs piegriezums ar &hellip;<\/p>\n<p class=\"read-more\"> <a class=\"\" href=\"https:\/\/nokermani.lv\/?product=isie-sorti\"> <span class=\"screen-reader-text\">\u012asie \u0161orti<\/span> Read More &raquo;<\/a><\/p>\n","protected":false},"featured_media":2259,"template":"","meta":{"site-sidebar-layout":"default","site-content-layout":"default","ast-global-header-display":"","ast-main-header-display":"","ast-hfb-above-header-display":"","ast-hfb-below-header-display":"","ast-hfb-mobile-header-display":"","site-post-title":"","ast-breadcrumbs-content":"","ast-featured-img":"","footer-sml-layout":"","theme-transparent-header-meta":"default","adv-header-id-meta":"","stick-header-meta":"","header-above-stick-meta":"","header-main-stick-meta":"","header-below-stick-meta":""},"product_brand":[],"product_cat":[43],"product_tag":[],"class_list":{"0":"post-2257","1":"product","2":"type-product","3":"status-publish","4":"has-post-thumbnail","6":"product_cat-viriesu-apgerbs","7":"desktop-align-center","8":"tablet-align-left","9":"mobile-align-left","11":"first","12":"instock","13":"taxable","14":"shipping-taxable","15":"purchasable","16":"product-type-variable"},"_links":{"self":[{"href":"https:\/\/nokermani.lv\/index.php?rest_route=\/wp\/v2\/product\/2257","targetHints":{"allow":["GET"]}}],"collection":[{"href":"https:\/\/nokermani.lv\/index.php?rest_route=\/wp\/v2\/product"}],"about":[{"href":"https:\/\/nokermani.lv\/index.php?rest_route=\/wp\/v2\/types\/product"}],"wp:featuredmedia":[{"embeddable":true,"href":"https:\/\/nokermani.lv\/index.php?rest_route=\/wp\/v2\/media\/2259"}],"wp:attachment":[{"href":"https:\/\/nokermani.lv\/index.php?rest_route=%2Fwp%2Fv2%2Fmedia&parent=2257"}],"wp:term":[{"taxonomy":"product_brand","embeddable":true,"href":"https:\/\/nokermani.lv\/index.php?rest_route=%2Fwp%2Fv2%2Fproduct_brand&post=2257"},{"taxonomy":"product_cat","embeddable":true,"href":"https:\/\/nokermani.lv\/index.php?rest_route=%2Fwp%2Fv2%2Fproduct_cat&post=2257"},{"taxonomy":"product_tag","embeddable":true,"href":"https:\/\/nokermani.lv\/index.php?rest_route=%2Fwp%2Fv2%2Fproduct_tag&post=2257"}],"curies":[{"name":"wp","href":"https:\/\/api.w.org\/{rel}","templated":true}]}}