{"id":2265,"date":"2024-11-21T07:28:53","date_gmt":"2024-11-21T07:28:53","guid":{"rendered":"https:\/\/nokermani.lv\/?post_type=product&#038;p=2265"},"modified":"2024-11-25T08:43:18","modified_gmt":"2024-11-25T08:43:18","slug":"bodyfit-base-layer-shorts","status":"publish","type":"product","link":"https:\/\/nokermani.lv\/?product=bodyfit-base-layer-shorts","title":{"rendered":"Bodyfit Base Layer Shorts-V\u012brie\u0161u"},"content":{"rendered":"<p>Piem\u0113roti skrie\u0161anai. Elest\u012bgi sporta \u0161orti.<\/p>\n<p>&nbsp;<\/p>\n<p><strong>V\u012brie\u0161u Bodyfit \u0161orti<\/strong><br \/>\nArt.-Nr.: RT250M<\/p>\n<ul>\n<li>QUICK DRY tehnolo\u0123ija ar mitruma \u0101tru novad\u012b\u0161anu, uzturot \u0101du v\u0113su un \u0113rtu<\/li>\n<li>Viegls materi\u0101ls<\/li>\n<li>Pane\u013cveida piegriezums ar kontrast\u0113jo\u0161\u0101m \u0161uv\u0113m gar k\u0101ju<\/li>\n<li>Moderna tehnolo\u0123ija<\/li>\n<li>Mikro-m\u012bksts sporta elast\u012bgs audums<\/li>\n<li>\u0100tri \u017e\u016bsto\u0161s, novada mitrumu no \u0101das<\/li>\n<li>Atsl\u0113gu kabata aizmugures centr\u0101laj\u0101 da\u013c\u0101<\/li>\n<\/ul>\n<p><strong>Inform\u0101cija:<\/strong><\/p>\n<ul>\n<li>Materi\u0101ls: Elast\u012bgs<\/li>\n<li>Sertifik\u0101ti: Oeko-Tex 100<\/li>\n<li>Svars: 200 g\/m\u00b2<\/li>\n<li>Sast\u0101vs: 80% neilons \/ 20% elast\u0101ns<\/li>\n<li>Oeko-Tex: OEKO-TEX\u00ae STANDARD 100: BJ020-123175<\/li>\n<\/ul>\n<p><strong>Piegriezums:<\/strong> Slim fit (piegu\u013co\u0161s)<br \/>\n<strong>Kr\u0101sa:<\/strong> Vienkr\u0101sains, atstarojo\u0161s<\/p>\n<p><strong>Funkcionalit\u0101te:<\/strong> Sporta ap\u0123\u0113rbi<br \/>\n<strong>K\u0101jstils:<\/strong> \u012asas bikses<\/p>\n<p><strong>Bik\u0161u veids:<\/strong> Treni\u0146bikses, \u0161orti<\/p>\n<p><strong>Kop\u0161anas instrukcija:<\/strong> Mazg\u0101jami 40\u00b0C temperat\u016br\u0101<\/p>\n<p><strong>\u012apa\u0161\u012bbas:<\/strong> Elpojo\u0161i<\/p>\n<p><strong>Izm\u0113ri:<\/strong><br \/>\nXS\/S, M\/L, XL\/XXL<\/p>\n","protected":false},"excerpt":{"rendered":"<p>Piem\u0113roti skrie\u0161anai. Elest\u012bgi sporta \u0161orti. &nbsp; V\u012brie\u0161u Bodyfit \u0161orti Art.-Nr.: RT250M QUICK DRY tehnolo\u0123ija ar mitruma \u0101tru novad\u012b\u0161anu, uzturot \u0101du v\u0113su un \u0113rtu Viegls materi\u0101ls Pane\u013cveida piegriezums ar kontrast\u0113jo\u0161\u0101m \u0161uv\u0113m gar k\u0101ju Moderna tehnolo\u0123ija Mikro-m\u012bksts sporta elast\u012bgs audums \u0100tri \u017e\u016bsto\u0161s, novada mitrumu no \u0101das Atsl\u0113gu kabata aizmugures centr\u0101laj\u0101 da\u013c\u0101 Inform\u0101cija: Materi\u0101ls: Elast\u012bgs Sertifik\u0101ti: Oeko-Tex 100 &hellip;<\/p>\n<p class=\"read-more\"> <a class=\"\" href=\"https:\/\/nokermani.lv\/?product=bodyfit-base-layer-shorts\"> <span class=\"screen-reader-text\">Bodyfit Base Layer Shorts-V\u012brie\u0161u<\/span> Read More &raquo;<\/a><\/p>\n","protected":false},"featured_media":2267,"template":"","meta":{"site-sidebar-layout":"default","site-content-layout":"default","ast-global-header-display":"","ast-main-header-display":"","ast-hfb-above-header-display":"","ast-hfb-below-header-display":"","ast-hfb-mobile-header-display":"","site-post-title":"","ast-breadcrumbs-content":"","ast-featured-img":"","footer-sml-layout":"","theme-transparent-header-meta":"default","adv-header-id-meta":"","stick-header-meta":"","header-above-stick-meta":"","header-main-stick-meta":"","header-below-stick-meta":""},"product_brand":[],"product_cat":[43],"product_tag":[],"class_list":{"0":"post-2265","1":"product","2":"type-product","3":"status-publish","4":"has-post-thumbnail","6":"product_cat-viriesu-apgerbs","7":"desktop-align-center","8":"tablet-align-left","9":"mobile-align-left","11":"first","12":"instock","13":"taxable","14":"shipping-taxable","15":"purchasable","16":"product-type-variable"},"_links":{"self":[{"href":"https:\/\/nokermani.lv\/index.php?rest_route=\/wp\/v2\/product\/2265","targetHints":{"allow":["GET"]}}],"collection":[{"href":"https:\/\/nokermani.lv\/index.php?rest_route=\/wp\/v2\/product"}],"about":[{"href":"https:\/\/nokermani.lv\/index.php?rest_route=\/wp\/v2\/types\/product"}],"wp:featuredmedia":[{"embeddable":true,"href":"https:\/\/nokermani.lv\/index.php?rest_route=\/wp\/v2\/media\/2267"}],"wp:attachment":[{"href":"https:\/\/nokermani.lv\/index.php?rest_route=%2Fwp%2Fv2%2Fmedia&parent=2265"}],"wp:term":[{"taxonomy":"product_brand","embeddable":true,"href":"https:\/\/nokermani.lv\/index.php?rest_route=%2Fwp%2Fv2%2Fproduct_brand&post=2265"},{"taxonomy":"product_cat","embeddable":true,"href":"https:\/\/nokermani.lv\/index.php?rest_route=%2Fwp%2Fv2%2Fproduct_cat&post=2265"},{"taxonomy":"product_tag","embeddable":true,"href":"https:\/\/nokermani.lv\/index.php?rest_route=%2Fwp%2Fv2%2Fproduct_tag&post=2265"}],"curies":[{"name":"wp","href":"https:\/\/api.w.org\/{rel}","templated":true}]}}