{"id":2288,"date":"2024-11-21T07:50:15","date_gmt":"2024-11-21T07:50:15","guid":{"rendered":"https:\/\/nokermani.lv\/?post_type=product&#038;p=2288"},"modified":"2024-11-25T08:39:28","modified_gmt":"2024-11-25T08:39:28","slug":"bernu-isie-legingi","status":"publish","type":"product","link":"https:\/\/nokermani.lv\/?product=bernu-isie-legingi","title":{"rendered":"B\u0113rnu \u012bsie legingi"},"content":{"rendered":"<p>Piem\u0113roti treni\u0146iem, lai netrauc\u0113tu kust\u012bbu apmlit\u016btu. \u0160orti piegu\u013cas pie k\u0101j\u0101m.<\/p>\n<p><strong>B\u0113rnu Bodyfit \u0161orti<\/strong><br \/>\nArt.-Nr.: RT250J<\/p>\n<ul>\n<li>Elast\u012bga jostasvieta<\/li>\n<li>Plakan\u0161uvju s\u0101nu \u0161uves<\/li>\n<li>Pane\u013cveida dizains ar kontrast\u0113jo\u0161\u0101m \u0161uv\u0113m<\/li>\n<li>Iek\u0161\u0113j\u0101 atsl\u0113gu kabata<\/li>\n<\/ul>\n<p><strong>Inform\u0101cija:<\/strong><\/p>\n<ul>\n<li>Materi\u0101ls: Elast\u012bgs<\/li>\n<li>Sertifik\u0101ti: Oeko-Tex 100<\/li>\n<li>Svars: 200 g\/m\u00b2<\/li>\n<li>Sast\u0101vs: 80% poliam\u012bds \/ 20% elast\u0101ns<\/li>\n<li>Oeko-Tex: OEKO-TEX\u00ae STANDARD 100: BJ020-123175<\/li>\n<\/ul>\n<p><strong>Piegriezums:<\/strong> Slim fit (piegu\u013co\u0161s)<br \/>\n<strong>Kr\u0101sa:<\/strong> Vienkr\u0101sains, atstarojo\u0161s<\/p>\n<p><strong>Funkcionalit\u0101te:<\/strong> Sporta ap\u0123\u0113rbs<br \/>\n<strong>Bik\u0161u veids:<\/strong> Treni\u0146bikses, \u012bsi \u0161orti<br \/>\n<strong>K\u0101jstils:<\/strong> \u012asas bikses<\/p>\n<p><strong>Kop\u0161anas instrukcija:<\/strong> Mazg\u0101jami 30\u00b0C temperat\u016br\u0101<\/p>\n<p><strong>\u012apa\u0161\u012bbas:<\/strong> Elpojo\u0161i, v\u0113ja necaurlaid\u012bgi<\/p>\n<p><strong>Izm\u0113ri:<\/strong><br \/>\nS (6-7 gadi), M (8-9 gadi), L (10-12 gadi)<\/p>\n","protected":false},"excerpt":{"rendered":"<p>Piem\u0113roti treni\u0146iem, lai netrauc\u0113tu kust\u012bbu apmlit\u016btu. \u0160orti piegu\u013cas pie k\u0101j\u0101m. B\u0113rnu Bodyfit \u0161orti Art.-Nr.: RT250J Elast\u012bga jostasvieta Plakan\u0161uvju s\u0101nu \u0161uves Pane\u013cveida dizains ar kontrast\u0113jo\u0161\u0101m \u0161uv\u0113m Iek\u0161\u0113j\u0101 atsl\u0113gu kabata Inform\u0101cija: Materi\u0101ls: Elast\u012bgs Sertifik\u0101ti: Oeko-Tex 100 Svars: 200 g\/m\u00b2 Sast\u0101vs: 80% poliam\u012bds \/ 20% elast\u0101ns Oeko-Tex: OEKO-TEX\u00ae STANDARD 100: BJ020-123175 Piegriezums: Slim fit (piegu\u013co\u0161s) Kr\u0101sa: Vienkr\u0101sains, atstarojo\u0161s &hellip;<\/p>\n<p class=\"read-more\"> <a class=\"\" href=\"https:\/\/nokermani.lv\/?product=bernu-isie-legingi\"> <span class=\"screen-reader-text\">B\u0113rnu \u012bsie legingi<\/span> Read More &raquo;<\/a><\/p>\n","protected":false},"featured_media":2266,"template":"","meta":{"site-sidebar-layout":"default","site-content-layout":"default","ast-global-header-display":"","ast-main-header-display":"","ast-hfb-above-header-display":"","ast-hfb-below-header-display":"","ast-hfb-mobile-header-display":"","site-post-title":"","ast-breadcrumbs-content":"","ast-featured-img":"","footer-sml-layout":"","theme-transparent-header-meta":"default","adv-header-id-meta":"","stick-header-meta":"","header-above-stick-meta":"","header-main-stick-meta":"","header-below-stick-meta":""},"product_brand":[],"product_cat":[45],"product_tag":[],"class_list":{"0":"post-2288","1":"product","2":"type-product","3":"status-publish","4":"has-post-thumbnail","6":"product_cat-bernu-apgerbs","7":"desktop-align-center","8":"tablet-align-left","9":"mobile-align-left","11":"first","12":"instock","13":"taxable","14":"shipping-taxable","15":"purchasable","16":"product-type-variable"},"_links":{"self":[{"href":"https:\/\/nokermani.lv\/index.php?rest_route=\/wp\/v2\/product\/2288","targetHints":{"allow":["GET"]}}],"collection":[{"href":"https:\/\/nokermani.lv\/index.php?rest_route=\/wp\/v2\/product"}],"about":[{"href":"https:\/\/nokermani.lv\/index.php?rest_route=\/wp\/v2\/types\/product"}],"wp:featuredmedia":[{"embeddable":true,"href":"https:\/\/nokermani.lv\/index.php?rest_route=\/wp\/v2\/media\/2266"}],"wp:attachment":[{"href":"https:\/\/nokermani.lv\/index.php?rest_route=%2Fwp%2Fv2%2Fmedia&parent=2288"}],"wp:term":[{"taxonomy":"product_brand","embeddable":true,"href":"https:\/\/nokermani.lv\/index.php?rest_route=%2Fwp%2Fv2%2Fproduct_brand&post=2288"},{"taxonomy":"product_cat","embeddable":true,"href":"https:\/\/nokermani.lv\/index.php?rest_route=%2Fwp%2Fv2%2Fproduct_cat&post=2288"},{"taxonomy":"product_tag","embeddable":true,"href":"https:\/\/nokermani.lv\/index.php?rest_route=%2Fwp%2Fv2%2Fproduct_tag&post=2288"}],"curies":[{"name":"wp","href":"https:\/\/api.w.org\/{rel}","templated":true}]}}