{"id":2303,"date":"2024-11-21T08:12:37","date_gmt":"2024-11-21T08:12:37","guid":{"rendered":"https:\/\/nokermani.lv\/?post_type=product&#038;p=2303"},"modified":"2024-11-24T11:45:38","modified_gmt":"2024-11-24T11:45:38","slug":"silta-cepure","status":"publish","type":"product","link":"https:\/\/nokermani.lv\/?product=silta-cepure","title":{"rendered":"Silt\u0101 cepure"},"content":{"rendered":"<p>Silta cepure, kas paredz\u0113ta aukstiem laika apst\u0101k\u013ciem.<\/p>\n<p>Art.-Nr.: CB446<\/p>\n<ul>\n<li>100% m\u012bksta akrila materi\u0101ls<\/li>\n<li>Divk\u0101r\u0161s ad\u012bjums<\/li>\n<\/ul>\n<p><strong>Inform\u0101cija:<\/strong><\/p>\n<ul>\n<li>Materi\u0101ls: Ad\u012bjums<\/li>\n<li>Sast\u0101vs: 100% akrils<\/li>\n<\/ul>\n<p><strong>Cepures veids:<\/strong> Beanie cepures<br \/>\n<strong>Kr\u0101sa:<\/strong> Vienkr\u0101saina<\/p>\n<p><strong>Kop\u0161anas instrukcija:<\/strong> Mazg\u0101jama 40\u00b0C temperat\u016br\u0101<\/p>\n<p><strong>Izm\u0113ri:<\/strong> Viens izm\u0113rs (21cm platums; kop\u0113jais cepures augstums 30cm)<\/p>\n","protected":false},"excerpt":{"rendered":"<p>Silta cepure, kas paredz\u0113ta aukstiem laika apst\u0101k\u013ciem. Art.-Nr.: CB446 100% m\u012bksta akrila materi\u0101ls Divk\u0101r\u0161s ad\u012bjums Inform\u0101cija: Materi\u0101ls: Ad\u012bjums Sast\u0101vs: 100% akrils Cepures veids: Beanie cepures Kr\u0101sa: Vienkr\u0101saina Kop\u0161anas instrukcija: Mazg\u0101jama 40\u00b0C temperat\u016br\u0101 Izm\u0113ri: Viens izm\u0113rs (21cm platums; kop\u0113jais cepures augstums 30cm)<\/p>\n","protected":false},"featured_media":2304,"template":"","meta":{"site-sidebar-layout":"default","site-content-layout":"default","ast-global-header-display":"","ast-main-header-display":"","ast-hfb-above-header-display":"","ast-hfb-below-header-display":"","ast-hfb-mobile-header-display":"","site-post-title":"","ast-breadcrumbs-content":"","ast-featured-img":"","footer-sml-layout":"","theme-transparent-header-meta":"default","adv-header-id-meta":"","stick-header-meta":"","header-above-stick-meta":"","header-main-stick-meta":"","header-below-stick-meta":""},"product_brand":[],"product_cat":[44,43],"product_tag":[],"class_list":{"0":"post-2303","1":"product","2":"type-product","3":"status-publish","4":"has-post-thumbnail","6":"product_cat-sieviesu-apgerbs","7":"product_cat-viriesu-apgerbs","8":"desktop-align-center","9":"tablet-align-left","10":"mobile-align-left","12":"first","13":"instock","14":"taxable","15":"shipping-taxable","16":"purchasable","17":"product-type-variable"},"_links":{"self":[{"href":"https:\/\/nokermani.lv\/index.php?rest_route=\/wp\/v2\/product\/2303","targetHints":{"allow":["GET"]}}],"collection":[{"href":"https:\/\/nokermani.lv\/index.php?rest_route=\/wp\/v2\/product"}],"about":[{"href":"https:\/\/nokermani.lv\/index.php?rest_route=\/wp\/v2\/types\/product"}],"wp:featuredmedia":[{"embeddable":true,"href":"https:\/\/nokermani.lv\/index.php?rest_route=\/wp\/v2\/media\/2304"}],"wp:attachment":[{"href":"https:\/\/nokermani.lv\/index.php?rest_route=%2Fwp%2Fv2%2Fmedia&parent=2303"}],"wp:term":[{"taxonomy":"product_brand","embeddable":true,"href":"https:\/\/nokermani.lv\/index.php?rest_route=%2Fwp%2Fv2%2Fproduct_brand&post=2303"},{"taxonomy":"product_cat","embeddable":true,"href":"https:\/\/nokermani.lv\/index.php?rest_route=%2Fwp%2Fv2%2Fproduct_cat&post=2303"},{"taxonomy":"product_tag","embeddable":true,"href":"https:\/\/nokermani.lv\/index.php?rest_route=%2Fwp%2Fv2%2Fproduct_tag&post=2303"}],"curies":[{"name":"wp","href":"https:\/\/api.w.org\/{rel}","templated":true}]}}