{"id":2321,"date":"2024-11-21T08:30:32","date_gmt":"2024-11-21T08:30:32","guid":{"rendered":"https:\/\/nokermani.lv\/?post_type=product&#038;p=2321"},"modified":"2024-11-25T09:17:07","modified_gmt":"2024-11-25T09:17:07","slug":"gurnu-soma","status":"publish","type":"product","link":"https:\/\/nokermani.lv\/?product=gurnu-soma","title":{"rendered":"Gurnu somi\u0146a"},"content":{"rendered":"<p>Gurnu somi\u0146a ir \u0113rta un viegli p\u0101rn\u0113s\u0101jama uz gurniem, kur ielikt maku, telefonu un citas maza izm\u0113ra mantas p\u0101rj\u0101jienos vai ikdien\u0101.<\/p>\n<p>Art.-Nr.: BG42<\/p>\n<ul>\n<li>600D poliesters<\/li>\n<li>Regul\u0113jama siksna ar dro\u0161u klip\u0161a aizdari (siksnas garums 42-72 cm)<\/li>\n<li>Liela kabata ar r\u0101v\u0113jsl\u0113dz\u0113ju<\/li>\n<li>Aizmugur\u0113j\u0101 kabata ar r\u0101v\u0113jsl\u0113dz\u0113ju<\/li>\n<li>Tilpums: 2,5 litri<\/li>\n<\/ul>\n<p><strong>Inform\u0101cija:<\/strong><\/p>\n<ul>\n<li>Sast\u0101vs: 100% poliesters<\/li>\n<\/ul>\n<p><strong>Funkcionalit\u0101te:<\/strong> Sporta piederumi<\/p>\n<p><strong>Kop\u0161anas instrukcija:<\/strong> Nav mazg\u0101jama<\/p>\n<p><strong>Somas veids:<\/strong> Jostas somas<\/p>\n<p><strong>Izm\u0113rs:<\/strong><br \/>\n38 x 14 x 8 cm<\/p>\n","protected":false},"excerpt":{"rendered":"<p>Gurnu somi\u0146a ir \u0113rta un viegli p\u0101rn\u0113s\u0101jama uz gurniem, kur ielikt maku, telefonu un citas maza izm\u0113ra mantas p\u0101rj\u0101jienos vai ikdien\u0101. Art.-Nr.: BG42 600D poliesters Regul\u0113jama siksna ar dro\u0161u klip\u0161a aizdari (siksnas garums 42-72 cm) Liela kabata ar r\u0101v\u0113jsl\u0113dz\u0113ju Aizmugur\u0113j\u0101 kabata ar r\u0101v\u0113jsl\u0113dz\u0113ju Tilpums: 2,5 litri Inform\u0101cija: Sast\u0101vs: 100% poliesters Funkcionalit\u0101te: Sporta piederumi Kop\u0161anas instrukcija: &hellip;<\/p>\n<p class=\"read-more\"> <a class=\"\" href=\"https:\/\/nokermani.lv\/?product=gurnu-soma\"> <span class=\"screen-reader-text\">Gurnu somi\u0146a<\/span> Read More &raquo;<\/a><\/p>\n","protected":false},"featured_media":2322,"template":"","meta":{"site-sidebar-layout":"default","site-content-layout":"default","ast-global-header-display":"","ast-main-header-display":"","ast-hfb-above-header-display":"","ast-hfb-below-header-display":"","ast-hfb-mobile-header-display":"","site-post-title":"","ast-breadcrumbs-content":"","ast-featured-img":"","footer-sml-layout":"","theme-transparent-header-meta":"default","adv-header-id-meta":"","stick-header-meta":"","header-above-stick-meta":"","header-main-stick-meta":"","header-below-stick-meta":""},"product_brand":[],"product_cat":[45,44,43],"product_tag":[],"class_list":{"0":"post-2321","1":"product","2":"type-product","3":"status-publish","4":"has-post-thumbnail","6":"product_cat-bernu-apgerbs","7":"product_cat-sieviesu-apgerbs","8":"product_cat-viriesu-apgerbs","9":"desktop-align-center","10":"tablet-align-left","11":"mobile-align-left","13":"first","14":"instock","15":"taxable","16":"shipping-taxable","17":"purchasable","18":"product-type-simple"},"_links":{"self":[{"href":"https:\/\/nokermani.lv\/index.php?rest_route=\/wp\/v2\/product\/2321","targetHints":{"allow":["GET"]}}],"collection":[{"href":"https:\/\/nokermani.lv\/index.php?rest_route=\/wp\/v2\/product"}],"about":[{"href":"https:\/\/nokermani.lv\/index.php?rest_route=\/wp\/v2\/types\/product"}],"wp:featuredmedia":[{"embeddable":true,"href":"https:\/\/nokermani.lv\/index.php?rest_route=\/wp\/v2\/media\/2322"}],"wp:attachment":[{"href":"https:\/\/nokermani.lv\/index.php?rest_route=%2Fwp%2Fv2%2Fmedia&parent=2321"}],"wp:term":[{"taxonomy":"product_brand","embeddable":true,"href":"https:\/\/nokermani.lv\/index.php?rest_route=%2Fwp%2Fv2%2Fproduct_brand&post=2321"},{"taxonomy":"product_cat","embeddable":true,"href":"https:\/\/nokermani.lv\/index.php?rest_route=%2Fwp%2Fv2%2Fproduct_cat&post=2321"},{"taxonomy":"product_tag","embeddable":true,"href":"https:\/\/nokermani.lv\/index.php?rest_route=%2Fwp%2Fv2%2Fproduct_tag&post=2321"}],"curies":[{"name":"wp","href":"https:\/\/api.w.org\/{rel}","templated":true}]}}