{"id":2323,"date":"2024-11-21T08:36:02","date_gmt":"2024-11-21T08:36:02","guid":{"rendered":"https:\/\/nokermani.lv\/?post_type=product&#038;p=2323"},"modified":"2024-11-21T08:37:36","modified_gmt":"2024-11-21T08:37:36","slug":"sporta-maisins-energy","status":"publish","type":"product","link":"https:\/\/nokermani.lv\/?product=sporta-maisins-energy","title":{"rendered":"Sporta maisi\u0146\u0161 energy"},"content":{"rendered":"<p>Noder\u0113s p\u0101rg\u0101jienos vai dodoties uz treni\u0146iem.<\/p>\n<p>100% poliesteris<\/p>\n<p>Izm\u0113rs 45 x 34<\/p>\n<p>Aizdare ar aukli\u0146u.<\/p>\n<p>Atstarojo\u0161i elementi apak\u0161\u0113jos st\u016bros<\/p>\n<p>&nbsp;<\/p>\n","protected":false},"excerpt":{"rendered":"<p>Noder\u0113s p\u0101rg\u0101jienos vai dodoties uz treni\u0146iem. 100% poliesteris Izm\u0113rs 45 x 34 Aizdare ar aukli\u0146u. Atstarojo\u0161i elementi apak\u0161\u0113jos st\u016bros &nbsp;<\/p>\n","protected":false},"featured_media":2324,"template":"","meta":{"site-sidebar-layout":"default","site-content-layout":"default","ast-global-header-display":"","ast-main-header-display":"","ast-hfb-above-header-display":"","ast-hfb-below-header-display":"","ast-hfb-mobile-header-display":"","site-post-title":"","ast-breadcrumbs-content":"","ast-featured-img":"","footer-sml-layout":"","theme-transparent-header-meta":"default","adv-header-id-meta":"","stick-header-meta":"","header-above-stick-meta":"","header-main-stick-meta":"","header-below-stick-meta":""},"product_brand":[],"product_cat":[45,44,43],"product_tag":[],"class_list":{"0":"post-2323","1":"product","2":"type-product","3":"status-publish","4":"has-post-thumbnail","6":"product_cat-bernu-apgerbs","7":"product_cat-sieviesu-apgerbs","8":"product_cat-viriesu-apgerbs","9":"desktop-align-center","10":"tablet-align-left","11":"mobile-align-left","13":"first","14":"instock","15":"taxable","16":"shipping-taxable","17":"purchasable","18":"product-type-simple"},"_links":{"self":[{"href":"https:\/\/nokermani.lv\/index.php?rest_route=\/wp\/v2\/product\/2323","targetHints":{"allow":["GET"]}}],"collection":[{"href":"https:\/\/nokermani.lv\/index.php?rest_route=\/wp\/v2\/product"}],"about":[{"href":"https:\/\/nokermani.lv\/index.php?rest_route=\/wp\/v2\/types\/product"}],"wp:featuredmedia":[{"embeddable":true,"href":"https:\/\/nokermani.lv\/index.php?rest_route=\/wp\/v2\/media\/2324"}],"wp:attachment":[{"href":"https:\/\/nokermani.lv\/index.php?rest_route=%2Fwp%2Fv2%2Fmedia&parent=2323"}],"wp:term":[{"taxonomy":"product_brand","embeddable":true,"href":"https:\/\/nokermani.lv\/index.php?rest_route=%2Fwp%2Fv2%2Fproduct_brand&post=2323"},{"taxonomy":"product_cat","embeddable":true,"href":"https:\/\/nokermani.lv\/index.php?rest_route=%2Fwp%2Fv2%2Fproduct_cat&post=2323"},{"taxonomy":"product_tag","embeddable":true,"href":"https:\/\/nokermani.lv\/index.php?rest_route=%2Fwp%2Fv2%2Fproduct_tag&post=2323"}],"curies":[{"name":"wp","href":"https:\/\/api.w.org\/{rel}","templated":true}]}}