{"id":2327,"date":"2024-11-21T08:46:23","date_gmt":"2024-11-21T08:46:23","guid":{"rendered":"https:\/\/nokermani.lv\/?post_type=product&#038;p=2327"},"modified":"2024-11-25T09:28:00","modified_gmt":"2024-11-25T09:28:00","slug":"soma-2in1","status":"publish","type":"product","link":"https:\/\/nokermani.lv\/?product=soma-2in1","title":{"rendered":"Soma 2in1- Rokas bag\u0101za-sporta soma 30L"},"content":{"rendered":"<p>\u016adensatgr\u016bdo\u0161a soma. Kuru var likt gan uz muguras, gan pa\u0146emt pie rokas.<\/p>\n<p>Tilpums 30 L<\/p>\n<p>Izm\u0113rs- 54 x 27 34<\/p>\n<p>&nbsp;<\/p>\n<p><strong>30 litru salokam\u0101 rokas bag\u0101\u017ea<\/strong><br \/>\nArt.-Nr.: QX550<\/p>\n<ul>\n<li>Viegla, bet iztur\u012bga<\/li>\n<li>\u016adeni atgr\u016bdo\u0161s dizains<\/li>\n<li>Piem\u0113rots p\u0101rvad\u0101\u0161anai lidma\u0161\u012bnas salon\u0101<\/li>\n<li>Atstarojo\u0161i akcenti<\/li>\n<li>D-veida r\u0101v\u0113jsl\u0113dz\u0113ja atv\u0113rums \u0113rtai piek\u013cuvei<\/li>\n<li>Polster\u0113ts galvenais nodal\u012bjums, kas paredz\u0113ts komfortablai n\u0113s\u0101\u0161anai<\/li>\n<li>Aizmugur\u0113j\u0101 kabata ar r\u0101v\u0113jsl\u0113dz\u0113ju mitr\u0101m liet\u0101m vai apaviem<\/li>\n<li>Priek\u0161\u0113j\u0101 kabata ar r\u0101v\u0113jsl\u0113dz\u0113ju un iek\u0161\u0113j\u0101m t\u012bkla kabat\u0101m<\/li>\n<li>Pastiprin\u0101ta, polster\u0113ta pamatne<\/li>\n<li>P\u0101rveidojamas plecu siksnas mugursomas re\u017e\u012bmam<\/li>\n<li>Var n\u0113s\u0101t rok\u0101 vai uz abiem pleciem<\/li>\n<li>Polster\u0113ts rokturis<\/li>\n<li>Papildu rokturis p\u0101rn\u0113s\u0101\u0161anai<\/li>\n<li>Kombin\u0101cija: 600D\/600D Ripstop \u0161\u016bnveida poliesters<\/li>\n<li>Tilpums: 30 litri<\/li>\n<\/ul>\n<p><strong>Inform\u0101cija:<\/strong><\/p>\n<ul>\n<li>Sast\u0101vs: 100% poliesters<\/li>\n<\/ul>\n<p><strong>Kr\u0101sa:<\/strong> Vienkr\u0101sains, atstarojo\u0161s<\/p>\n<p><strong>Funkcionalit\u0101te:<\/strong> Sporta piederumi<br \/>\n<strong>\u012apa\u0161\u012bbas:<\/strong> \u016adens atgr\u016bdo\u0161s<\/p>\n<p><strong>Kop\u0161anas instrukcija:<\/strong> Nav mazg\u0101jams<\/p>\n<p><strong>Somas veids:<\/strong> Mugursomas, sporta somas<\/p>\n<p><strong>Tilpums:<\/strong> 30-44 litri<\/p>\n<p><strong>Izm\u0113rs:<\/strong><br \/>\n54 x 27 x 34 cm<\/p>\n<p><strong>Pieejam\u0101 kr\u0101sa:<\/strong> Melna<\/p>\n<p>&nbsp;<\/p>\n","protected":false},"excerpt":{"rendered":"<p>\u016adensatgr\u016bdo\u0161a soma. Kuru var likt gan uz muguras, gan pa\u0146emt pie rokas. Tilpums 30 L Izm\u0113rs- 54 x 27 34 &nbsp; 30 litru salokam\u0101 rokas bag\u0101\u017ea Art.-Nr.: QX550 Viegla, bet iztur\u012bga \u016adeni atgr\u016bdo\u0161s dizains Piem\u0113rots p\u0101rvad\u0101\u0161anai lidma\u0161\u012bnas salon\u0101 Atstarojo\u0161i akcenti D-veida r\u0101v\u0113jsl\u0113dz\u0113ja atv\u0113rums \u0113rtai piek\u013cuvei Polster\u0113ts galvenais nodal\u012bjums, kas paredz\u0113ts komfortablai n\u0113s\u0101\u0161anai Aizmugur\u0113j\u0101 kabata ar &hellip;<\/p>\n<p class=\"read-more\"> <a class=\"\" href=\"https:\/\/nokermani.lv\/?product=soma-2in1\"> <span class=\"screen-reader-text\">Soma 2in1- Rokas bag\u0101za-sporta soma 30L<\/span> Read More &raquo;<\/a><\/p>\n","protected":false},"featured_media":2329,"template":"","meta":{"site-sidebar-layout":"default","site-content-layout":"default","ast-global-header-display":"","ast-main-header-display":"","ast-hfb-above-header-display":"","ast-hfb-below-header-display":"","ast-hfb-mobile-header-display":"","site-post-title":"","ast-breadcrumbs-content":"","ast-featured-img":"","footer-sml-layout":"","theme-transparent-header-meta":"default","adv-header-id-meta":"","stick-header-meta":"","header-above-stick-meta":"","header-main-stick-meta":"","header-below-stick-meta":""},"product_brand":[],"product_cat":[45,44,43],"product_tag":[],"class_list":{"0":"post-2327","1":"product","2":"type-product","3":"status-publish","4":"has-post-thumbnail","6":"product_cat-bernu-apgerbs","7":"product_cat-sieviesu-apgerbs","8":"product_cat-viriesu-apgerbs","9":"desktop-align-center","10":"tablet-align-left","11":"mobile-align-left","13":"first","14":"instock","15":"taxable","16":"shipping-taxable","17":"purchasable","18":"product-type-simple"},"_links":{"self":[{"href":"https:\/\/nokermani.lv\/index.php?rest_route=\/wp\/v2\/product\/2327","targetHints":{"allow":["GET"]}}],"collection":[{"href":"https:\/\/nokermani.lv\/index.php?rest_route=\/wp\/v2\/product"}],"about":[{"href":"https:\/\/nokermani.lv\/index.php?rest_route=\/wp\/v2\/types\/product"}],"wp:featuredmedia":[{"embeddable":true,"href":"https:\/\/nokermani.lv\/index.php?rest_route=\/wp\/v2\/media\/2329"}],"wp:attachment":[{"href":"https:\/\/nokermani.lv\/index.php?rest_route=%2Fwp%2Fv2%2Fmedia&parent=2327"}],"wp:term":[{"taxonomy":"product_brand","embeddable":true,"href":"https:\/\/nokermani.lv\/index.php?rest_route=%2Fwp%2Fv2%2Fproduct_brand&post=2327"},{"taxonomy":"product_cat","embeddable":true,"href":"https:\/\/nokermani.lv\/index.php?rest_route=%2Fwp%2Fv2%2Fproduct_cat&post=2327"},{"taxonomy":"product_tag","embeddable":true,"href":"https:\/\/nokermani.lv\/index.php?rest_route=%2Fwp%2Fv2%2Fproduct_tag&post=2327"}],"curies":[{"name":"wp","href":"https:\/\/api.w.org\/{rel}","templated":true}]}}