{"id":2423,"date":"2024-12-09T18:56:34","date_gmt":"2024-12-09T18:56:34","guid":{"rendered":"https:\/\/nokermani.lv\/?post_type=product&#038;p=2423"},"modified":"2025-12-30T10:06:49","modified_gmt":"2025-12-30T10:06:49","slug":"koka-vilcienins-ar-buvesanas-elementiem-tooky-toy","status":"publish","type":"product","link":"https:\/\/nokermani.lv\/?product=koka-vilcienins-ar-buvesanas-elementiem-tooky-toy","title":{"rendered":"Koka vilcieni\u0146\u0161 ar b\u016bv\u0113\u0161anas elementiem &#8211; Tooky Toy"},"content":{"rendered":"<p>Kr\u0101sains un iztur\u012bgs koka vilcieni\u0146\u0161 ar b\u016bv\u0113\u0161anas elementiem, kas pied\u0101v\u0101 b\u0113rniem jautru un izgl\u012btojo\u0161u sp\u0113l\u0113\u0161an\u0101s pieredzi. Vilcieni\u0146\u0161 sast\u0101v no vagoni\u0146iem un da\u017e\u0101d\u0101m form\u0101m, kuras var kombin\u0113t un novietot, att\u012bstot b\u0113rna rado\u0161umu un motoriku. Katra deta\u013ca ir izgatavota no dro\u0161a un videi draudz\u012bga koka, nodro\u0161inot ilgm\u016b\u017e\u012bbu un kvalit\u0101ti.<\/p>\n<p><strong>\u012apa\u0161\u012bbas:<\/strong><\/p>\n<ul>\n<li>Komplekt\u0101 ietilpst: vilcieni\u0146\u0161 un b\u016bv\u0113\u0161anas elementi.<\/li>\n<li>Izgatavots no augstas kvalit\u0101tes, b\u0113rniem dro\u0161a koka.<\/li>\n<li>Att\u012bsta smalko motoriku, rado\u0161umu un kr\u0101su un formu atpaz\u012b\u0161anas prasmes.<\/li>\n<li>Piem\u0113rots b\u0113rniem no 18 m\u0113ne\u0161u vecuma.<\/li>\n<\/ul>\n","protected":false},"excerpt":{"rendered":"<p>Kr\u0101sains un iztur\u012bgs koka vilcieni\u0146\u0161 ar b\u016bv\u0113\u0161anas elementiem, kas pied\u0101v\u0101 b\u0113rniem jautru un izgl\u012btojo\u0161u sp\u0113l\u0113\u0161an\u0101s pieredzi. Vilcieni\u0146\u0161 sast\u0101v no vagoni\u0146iem un da\u017e\u0101d\u0101m form\u0101m, kuras var kombin\u0113t un novietot, att\u012bstot b\u0113rna rado\u0161umu un motoriku. Katra deta\u013ca ir izgatavota no dro\u0161a un videi draudz\u012bga koka, nodro\u0161inot ilgm\u016b\u017e\u012bbu un kvalit\u0101ti. \u012apa\u0161\u012bbas: Komplekt\u0101 ietilpst: vilcieni\u0146\u0161 un b\u016bv\u0113\u0161anas elementi. Izgatavots &hellip;<\/p>\n<p class=\"read-more\"> <a class=\"\" href=\"https:\/\/nokermani.lv\/?product=koka-vilcienins-ar-buvesanas-elementiem-tooky-toy\"> <span class=\"screen-reader-text\">Koka vilcieni\u0146\u0161 ar b\u016bv\u0113\u0161anas elementiem &#8211; Tooky Toy<\/span> Read More &raquo;<\/a><\/p>\n","protected":false},"featured_media":2426,"template":"","meta":{"site-sidebar-layout":"default","site-content-layout":"default","ast-global-header-display":"","ast-main-header-display":"","ast-hfb-above-header-display":"","ast-hfb-below-header-display":"","ast-hfb-mobile-header-display":"","site-post-title":"","ast-breadcrumbs-content":"","ast-featured-img":"","footer-sml-layout":"","theme-transparent-header-meta":"default","adv-header-id-meta":"","stick-header-meta":"","header-above-stick-meta":"","header-main-stick-meta":"","header-below-stick-meta":""},"product_brand":[],"product_cat":[46],"product_tag":[],"class_list":{"0":"post-2423","1":"product","2":"type-product","3":"status-publish","4":"has-post-thumbnail","6":"product_cat-rotallietas","7":"desktop-align-center","8":"tablet-align-left","9":"mobile-align-left","11":"first","12":"outofstock","13":"taxable","14":"shipping-taxable","15":"purchasable","16":"product-type-simple"},"_links":{"self":[{"href":"https:\/\/nokermani.lv\/index.php?rest_route=\/wp\/v2\/product\/2423","targetHints":{"allow":["GET"]}}],"collection":[{"href":"https:\/\/nokermani.lv\/index.php?rest_route=\/wp\/v2\/product"}],"about":[{"href":"https:\/\/nokermani.lv\/index.php?rest_route=\/wp\/v2\/types\/product"}],"wp:featuredmedia":[{"embeddable":true,"href":"https:\/\/nokermani.lv\/index.php?rest_route=\/wp\/v2\/media\/2426"}],"wp:attachment":[{"href":"https:\/\/nokermani.lv\/index.php?rest_route=%2Fwp%2Fv2%2Fmedia&parent=2423"}],"wp:term":[{"taxonomy":"product_brand","embeddable":true,"href":"https:\/\/nokermani.lv\/index.php?rest_route=%2Fwp%2Fv2%2Fproduct_brand&post=2423"},{"taxonomy":"product_cat","embeddable":true,"href":"https:\/\/nokermani.lv\/index.php?rest_route=%2Fwp%2Fv2%2Fproduct_cat&post=2423"},{"taxonomy":"product_tag","embeddable":true,"href":"https:\/\/nokermani.lv\/index.php?rest_route=%2Fwp%2Fv2%2Fproduct_tag&post=2423"}],"curies":[{"name":"wp","href":"https:\/\/api.w.org\/{rel}","templated":true}]}}