{"id":2427,"date":"2024-12-09T18:59:49","date_gmt":"2024-12-09T18:59:49","guid":{"rendered":"https:\/\/nokermani.lv\/?post_type=product&#038;p=2427"},"modified":"2025-12-30T10:06:31","modified_gmt":"2025-12-30T10:06:31","slug":"magnetiska-zvejas-spele-ar-alfabeta-burtiem-tooky-toy","status":"publish","type":"product","link":"https:\/\/nokermani.lv\/?product=magnetiska-zvejas-spele-ar-alfabeta-burtiem-tooky-toy","title":{"rendered":"Magn\u0113tisk\u0101 zvejas sp\u0113le ar alfab\u0113ta burtiem &#8211; Tooky Toy"},"content":{"rendered":"<p>Izgl\u012btojo\u0161a un jautra magn\u0113tisk\u0101 zvejas sp\u0113le, kas att\u012bsta b\u0113rna motoriku, koordin\u0101ciju un alfab\u0113ta zin\u0101\u0161anas. Komplekt\u0101 ietilpst magn\u0113tiskais mak\u0161\u0137eres komplekts un kr\u0101saini koka &#8220;zivti\u0146as&#8221; ar burtiem, kas pal\u012bdz b\u0113rnam m\u0101c\u012bties burtus, veidot v\u0101rdus un izprast alfab\u0113tu rota\u013c\u012bg\u0101 veid\u0101. \u0160\u012b rota\u013clieta ir izgatavota no videi draudz\u012bga koka, garant\u0113jot dro\u0161\u012bbu un kvalit\u0101ti.<\/p>\n<p><strong>\u012apa\u0161\u012bbas:<\/strong><\/p>\n<ul>\n<li>Komplekt\u0101 ietilpst magn\u0113tiskais d\u0113lis, zivti\u0146as ar burtiem un magn\u0113tisk\u0101 mak\u0161\u0137ere.<\/li>\n<li>Pal\u012bdz apg\u016bt alfab\u0113tu un att\u012bst\u012bt roku-acu koordin\u0101ciju.<\/li>\n<li>Izgatavota no dro\u0161a un iztur\u012bga koka.<\/li>\n<li>Piem\u0113rota b\u0113rniem no 3 gadu vecuma.<\/li>\n<\/ul>\n<p><strong>Sp\u0113le att\u012bsta:<\/strong><\/p>\n<ul>\n<li>Alfab\u0113ta un burtu atpaz\u012b\u0161anu.<\/li>\n<li>Smalko motoriku un koordin\u0101ciju.<\/li>\n<li>Rado\u0161umu un paciet\u012bbu.<\/li>\n<\/ul>\n","protected":false},"excerpt":{"rendered":"<p>Izgl\u012btojo\u0161a un jautra magn\u0113tisk\u0101 zvejas sp\u0113le, kas att\u012bsta b\u0113rna motoriku, koordin\u0101ciju un alfab\u0113ta zin\u0101\u0161anas. Komplekt\u0101 ietilpst magn\u0113tiskais mak\u0161\u0137eres komplekts un kr\u0101saini koka &#8220;zivti\u0146as&#8221; ar burtiem, kas pal\u012bdz b\u0113rnam m\u0101c\u012bties burtus, veidot v\u0101rdus un izprast alfab\u0113tu rota\u013c\u012bg\u0101 veid\u0101. \u0160\u012b rota\u013clieta ir izgatavota no videi draudz\u012bga koka, garant\u0113jot dro\u0161\u012bbu un kvalit\u0101ti. \u012apa\u0161\u012bbas: Komplekt\u0101 ietilpst magn\u0113tiskais d\u0113lis, zivti\u0146as &hellip;<\/p>\n<p class=\"read-more\"> <a class=\"\" href=\"https:\/\/nokermani.lv\/?product=magnetiska-zvejas-spele-ar-alfabeta-burtiem-tooky-toy\"> <span class=\"screen-reader-text\">Magn\u0113tisk\u0101 zvejas sp\u0113le ar alfab\u0113ta burtiem &#8211; Tooky Toy<\/span> Read More &raquo;<\/a><\/p>\n","protected":false},"featured_media":2429,"template":"","meta":{"site-sidebar-layout":"default","site-content-layout":"default","ast-global-header-display":"","ast-main-header-display":"","ast-hfb-above-header-display":"","ast-hfb-below-header-display":"","ast-hfb-mobile-header-display":"","site-post-title":"","ast-breadcrumbs-content":"","ast-featured-img":"","footer-sml-layout":"","theme-transparent-header-meta":"default","adv-header-id-meta":"","stick-header-meta":"","header-above-stick-meta":"","header-main-stick-meta":"","header-below-stick-meta":""},"product_brand":[],"product_cat":[46],"product_tag":[],"class_list":{"0":"post-2427","1":"product","2":"type-product","3":"status-publish","4":"has-post-thumbnail","6":"product_cat-rotallietas","7":"desktop-align-center","8":"tablet-align-left","9":"mobile-align-left","11":"first","12":"outofstock","13":"taxable","14":"shipping-taxable","15":"purchasable","16":"product-type-simple"},"_links":{"self":[{"href":"https:\/\/nokermani.lv\/index.php?rest_route=\/wp\/v2\/product\/2427","targetHints":{"allow":["GET"]}}],"collection":[{"href":"https:\/\/nokermani.lv\/index.php?rest_route=\/wp\/v2\/product"}],"about":[{"href":"https:\/\/nokermani.lv\/index.php?rest_route=\/wp\/v2\/types\/product"}],"wp:featuredmedia":[{"embeddable":true,"href":"https:\/\/nokermani.lv\/index.php?rest_route=\/wp\/v2\/media\/2429"}],"wp:attachment":[{"href":"https:\/\/nokermani.lv\/index.php?rest_route=%2Fwp%2Fv2%2Fmedia&parent=2427"}],"wp:term":[{"taxonomy":"product_brand","embeddable":true,"href":"https:\/\/nokermani.lv\/index.php?rest_route=%2Fwp%2Fv2%2Fproduct_brand&post=2427"},{"taxonomy":"product_cat","embeddable":true,"href":"https:\/\/nokermani.lv\/index.php?rest_route=%2Fwp%2Fv2%2Fproduct_cat&post=2427"},{"taxonomy":"product_tag","embeddable":true,"href":"https:\/\/nokermani.lv\/index.php?rest_route=%2Fwp%2Fv2%2Fproduct_tag&post=2427"}],"curies":[{"name":"wp","href":"https:\/\/api.w.org\/{rel}","templated":true}]}}