{"id":2431,"date":"2024-12-09T19:10:18","date_gmt":"2024-12-09T19:10:18","guid":{"rendered":"https:\/\/nokermani.lv\/?post_type=product&#038;p=2431"},"modified":"2025-12-30T10:06:10","modified_gmt":"2025-12-30T10:06:10","slug":"koka-domino-trasite-tooky-toy","status":"publish","type":"product","link":"https:\/\/nokermani.lv\/?product=koka-domino-trasite-tooky-toy","title":{"rendered":"Koka domino tras\u012bte &#8211; Tooky Toy"},"content":{"rendered":"<p>Izveido un izj\u016bti prieku ar \u0161o rado\u0161o koka domino tras\u012bti! \u0160is komplekts pied\u0101v\u0101 b\u0113rniem aizraujo\u0161u iesp\u0113ju izveidot savas trases ar da\u017e\u0101diem \u0161\u0137\u0113r\u0161\u013ciem, ramp\u0101m un efektiem. Katrs trase elements pal\u012bdz att\u012bst\u012bt rado\u0161umu, lo\u0123isko dom\u0101\u0161anu un motoriku. Tas ir ide\u0101li piem\u0113rots grupu sp\u0113l\u0113m vai individu\u0101lai nodarbei, vienlaikus nodro\u0161inot jautru un izgl\u012btojo\u0161u laika pavad\u012b\u0161anu.<\/p>\n<p><strong>\u012apa\u0161\u012bbas:<\/strong><\/p>\n<ul>\n<li>Komplekt\u0101 ietilpst da\u017e\u0101di domino elementi, \u0161\u0137\u0113r\u0161\u013ci un rampas.<\/li>\n<li>Izgatavots no augstas kvalit\u0101tes un dro\u0161a koka.<\/li>\n<li>Pal\u012bdz att\u012bst\u012bt rado\u0161umu, motoriku un probl\u0113mu risin\u0101\u0161anas prasmes.<\/li>\n<li>Kr\u0101sains un pievilc\u012bgs dizains, kas piesaista b\u0113rnu uzman\u012bbu.<\/li>\n<li>Piem\u0113rots b\u0113rniem no 3 gadu vecuma.<\/li>\n<\/ul>\n<p><strong>Sp\u0113le att\u012bsta:<\/strong><\/p>\n<ul>\n<li>Lo\u0123isko dom\u0101\u0161anu un probl\u0113mu risin\u0101\u0161anu.<\/li>\n<li>Koordin\u0101ciju un smalko motoriku.<\/li>\n<li>Rado\u0161umu un paciet\u012bbu.<\/li>\n<\/ul>\n","protected":false},"excerpt":{"rendered":"<p>Izveido un izj\u016bti prieku ar \u0161o rado\u0161o koka domino tras\u012bti! \u0160is komplekts pied\u0101v\u0101 b\u0113rniem aizraujo\u0161u iesp\u0113ju izveidot savas trases ar da\u017e\u0101diem \u0161\u0137\u0113r\u0161\u013ciem, ramp\u0101m un efektiem. Katrs trase elements pal\u012bdz att\u012bst\u012bt rado\u0161umu, lo\u0123isko dom\u0101\u0161anu un motoriku. Tas ir ide\u0101li piem\u0113rots grupu sp\u0113l\u0113m vai individu\u0101lai nodarbei, vienlaikus nodro\u0161inot jautru un izgl\u012btojo\u0161u laika pavad\u012b\u0161anu. \u012apa\u0161\u012bbas: Komplekt\u0101 ietilpst da\u017e\u0101di &hellip;<\/p>\n<p class=\"read-more\"> <a class=\"\" href=\"https:\/\/nokermani.lv\/?product=koka-domino-trasite-tooky-toy\"> <span class=\"screen-reader-text\">Koka domino tras\u012bte &#8211; Tooky Toy<\/span> Read More &raquo;<\/a><\/p>\n","protected":false},"featured_media":2434,"template":"","meta":{"site-sidebar-layout":"default","site-content-layout":"default","ast-global-header-display":"","ast-main-header-display":"","ast-hfb-above-header-display":"","ast-hfb-below-header-display":"","ast-hfb-mobile-header-display":"","site-post-title":"","ast-breadcrumbs-content":"","ast-featured-img":"","footer-sml-layout":"","theme-transparent-header-meta":"default","adv-header-id-meta":"","stick-header-meta":"","header-above-stick-meta":"","header-main-stick-meta":"","header-below-stick-meta":""},"product_brand":[],"product_cat":[46],"product_tag":[],"class_list":{"0":"post-2431","1":"product","2":"type-product","3":"status-publish","4":"has-post-thumbnail","6":"product_cat-rotallietas","7":"desktop-align-center","8":"tablet-align-left","9":"mobile-align-left","11":"first","12":"outofstock","13":"taxable","14":"shipping-taxable","15":"purchasable","16":"product-type-simple"},"_links":{"self":[{"href":"https:\/\/nokermani.lv\/index.php?rest_route=\/wp\/v2\/product\/2431","targetHints":{"allow":["GET"]}}],"collection":[{"href":"https:\/\/nokermani.lv\/index.php?rest_route=\/wp\/v2\/product"}],"about":[{"href":"https:\/\/nokermani.lv\/index.php?rest_route=\/wp\/v2\/types\/product"}],"wp:featuredmedia":[{"embeddable":true,"href":"https:\/\/nokermani.lv\/index.php?rest_route=\/wp\/v2\/media\/2434"}],"wp:attachment":[{"href":"https:\/\/nokermani.lv\/index.php?rest_route=%2Fwp%2Fv2%2Fmedia&parent=2431"}],"wp:term":[{"taxonomy":"product_brand","embeddable":true,"href":"https:\/\/nokermani.lv\/index.php?rest_route=%2Fwp%2Fv2%2Fproduct_brand&post=2431"},{"taxonomy":"product_cat","embeddable":true,"href":"https:\/\/nokermani.lv\/index.php?rest_route=%2Fwp%2Fv2%2Fproduct_cat&post=2431"},{"taxonomy":"product_tag","embeddable":true,"href":"https:\/\/nokermani.lv\/index.php?rest_route=%2Fwp%2Fv2%2Fproduct_tag&post=2431"}],"curies":[{"name":"wp","href":"https:\/\/api.w.org\/{rel}","templated":true}]}}