{"id":2438,"date":"2024-12-09T19:15:49","date_gmt":"2024-12-09T19:15:49","guid":{"rendered":"https:\/\/nokermani.lv\/?post_type=product&#038;p=2438"},"modified":"2025-12-30T10:05:49","modified_gmt":"2025-12-30T10:05:49","slug":"puzle-auto-trase-tooky-toy","status":"publish","type":"product","link":"https:\/\/nokermani.lv\/?product=puzle-auto-trase-tooky-toy","title":{"rendered":"Puzle- Auto trase Tooky Toy"},"content":{"rendered":"<p>Kr\u0101saina un jautra puzle, kas apvieno rota\u013cu auto trasi un klasisko puzles konceptu! \u0160is komplekts pied\u0101v\u0101 b\u0113rniem iesp\u0113ju izveidot pa\u0161i savu trasi, savienojot da\u017e\u0101dus puzles gabalus, lai izbaud\u012btu sp\u0113li. Lieliski piem\u0113rots b\u0113rniem, lai att\u012bst\u012btu roku-acu koordin\u0101ciju, rado\u0161umu un lo\u0123isko dom\u0101\u0161anu.<\/p>\n<p><strong>\u012apa\u0161\u012bbas:<\/strong><\/p>\n<ul>\n<li>Iztur\u012bgs un dro\u0161s materi\u0101ls, kas piem\u0113rots b\u0113rniem.<\/li>\n<li>Kr\u0101sains un interakt\u012bvs dizains, kas piesaista b\u0113rnu uzman\u012bbu.<\/li>\n<li>Viegli savienojami puzles gabali, kas nodro\u0161ina \u0113rtu lieto\u0161anu.<\/li>\n<li>Piem\u0113rots b\u0113rniem no 3 gadu vecuma.<\/li>\n<\/ul>\n<p><strong>Sp\u0113le att\u012bsta:<\/strong><\/p>\n<ul>\n<li>Lo\u0123isko dom\u0101\u0161anu un probl\u0113mu risin\u0101\u0161anas prasmes.<\/li>\n<li>Roku-acu koordin\u0101ciju un motoriku.<\/li>\n<li>Rado\u0161umu un izt\u0113li.<\/li>\n<\/ul>\n","protected":false},"excerpt":{"rendered":"<p>Kr\u0101saina un jautra puzle, kas apvieno rota\u013cu auto trasi un klasisko puzles konceptu! \u0160is komplekts pied\u0101v\u0101 b\u0113rniem iesp\u0113ju izveidot pa\u0161i savu trasi, savienojot da\u017e\u0101dus puzles gabalus, lai izbaud\u012btu sp\u0113li. Lieliski piem\u0113rots b\u0113rniem, lai att\u012bst\u012btu roku-acu koordin\u0101ciju, rado\u0161umu un lo\u0123isko dom\u0101\u0161anu. \u012apa\u0161\u012bbas: Iztur\u012bgs un dro\u0161s materi\u0101ls, kas piem\u0113rots b\u0113rniem. Kr\u0101sains un interakt\u012bvs dizains, kas piesaista b\u0113rnu &hellip;<\/p>\n<p class=\"read-more\"> <a class=\"\" href=\"https:\/\/nokermani.lv\/?product=puzle-auto-trase-tooky-toy\"> <span class=\"screen-reader-text\">Puzle- Auto trase Tooky Toy<\/span> Read More &raquo;<\/a><\/p>\n","protected":false},"featured_media":2439,"template":"","meta":{"site-sidebar-layout":"default","site-content-layout":"default","ast-global-header-display":"","ast-main-header-display":"","ast-hfb-above-header-display":"","ast-hfb-below-header-display":"","ast-hfb-mobile-header-display":"","site-post-title":"","ast-breadcrumbs-content":"","ast-featured-img":"","footer-sml-layout":"","theme-transparent-header-meta":"default","adv-header-id-meta":"","stick-header-meta":"","header-above-stick-meta":"","header-main-stick-meta":"","header-below-stick-meta":""},"product_brand":[],"product_cat":[46],"product_tag":[],"class_list":{"0":"post-2438","1":"product","2":"type-product","3":"status-publish","4":"has-post-thumbnail","6":"product_cat-rotallietas","7":"desktop-align-center","8":"tablet-align-left","9":"mobile-align-left","11":"first","12":"outofstock","13":"taxable","14":"shipping-taxable","15":"purchasable","16":"product-type-simple"},"_links":{"self":[{"href":"https:\/\/nokermani.lv\/index.php?rest_route=\/wp\/v2\/product\/2438","targetHints":{"allow":["GET"]}}],"collection":[{"href":"https:\/\/nokermani.lv\/index.php?rest_route=\/wp\/v2\/product"}],"about":[{"href":"https:\/\/nokermani.lv\/index.php?rest_route=\/wp\/v2\/types\/product"}],"wp:featuredmedia":[{"embeddable":true,"href":"https:\/\/nokermani.lv\/index.php?rest_route=\/wp\/v2\/media\/2439"}],"wp:attachment":[{"href":"https:\/\/nokermani.lv\/index.php?rest_route=%2Fwp%2Fv2%2Fmedia&parent=2438"}],"wp:term":[{"taxonomy":"product_brand","embeddable":true,"href":"https:\/\/nokermani.lv\/index.php?rest_route=%2Fwp%2Fv2%2Fproduct_brand&post=2438"},{"taxonomy":"product_cat","embeddable":true,"href":"https:\/\/nokermani.lv\/index.php?rest_route=%2Fwp%2Fv2%2Fproduct_cat&post=2438"},{"taxonomy":"product_tag","embeddable":true,"href":"https:\/\/nokermani.lv\/index.php?rest_route=%2Fwp%2Fv2%2Fproduct_tag&post=2438"}],"curies":[{"name":"wp","href":"https:\/\/api.w.org\/{rel}","templated":true}]}}