{"id":2442,"date":"2024-12-09T19:20:29","date_gmt":"2024-12-09T19:20:29","guid":{"rendered":"https:\/\/nokermani.lv\/?post_type=product&#038;p=2442"},"modified":"2025-12-30T10:05:27","modified_gmt":"2025-12-30T10:05:27","slug":"saciksu-automasinu-trase-ar-likumiem-tooky-toy","status":"publish","type":"product","link":"https:\/\/nokermani.lv\/?product=saciksu-automasinu-trase-ar-likumiem-tooky-toy","title":{"rendered":"Sac\u012bk\u0161u automa\u0161\u012bnu trase ar l\u012bkumiem &#8211; Tooky Toy"},"content":{"rendered":"<p>Aizraujo\u0161a un dinamiska sac\u012bk\u0161u trase, kas sniedz b\u0113rniem iesp\u0113ju izjust sac\u012bk\u0161u prieku! \u0160\u012b kr\u0101sain\u0101 rota\u013clieta ir veidota ar vair\u0101kiem l\u012bme\u0146iem un l\u012bkumiem, kur sac\u012bk\u0161u automa\u0161\u012bnas pa\u0101trin\u0101s no aug\u0161as l\u012bdz apak\u0161ai, veidojot izklaid\u0113jo\u0161u kust\u012bbu. Perfekts veids, k\u0101 att\u012bst\u012bt b\u0113rnu koordin\u0101ciju, izt\u0113li un rado\u0161umu.<\/p>\n<p><strong>\u012apa\u0161\u012bbas:<\/strong><\/p>\n<ul>\n<li>Komplekt\u0101 ietilpst sac\u012bk\u0161u trase un 4 automa\u0161\u012bnas.<\/li>\n<li>Iztur\u012bgs un dro\u0161s dizains, izgatavots no augstas kvalit\u0101tes koka un plastmasas materi\u0101liem.<\/li>\n<li>Kr\u0101sains un vizu\u0101li pievilc\u012bgs dizains, kas piesaista b\u0113rnu uzman\u012bbu.<\/li>\n<li>L\u012bme\u0146i ar gludu nolai\u0161anos, kas \u013cauj automa\u0161\u012bn\u0101m \u0101tri sl\u012bd\u0113t.<\/li>\n<li>Piem\u0113rota b\u0113rniem no 18 m\u0113ne\u0161u vecuma.<\/li>\n<\/ul>\n<p><strong>Sp\u0113le att\u012bsta:<\/strong><\/p>\n<ul>\n<li>Roku-acu koordin\u0101ciju un motoriku.<\/li>\n<li>Izt\u0113li un rado\u0161umu.<\/li>\n<li>Izpratni par \u0101trumu un kust\u012bbu.<\/li>\n<\/ul>\n<p><strong>Izm\u0113ri:<\/strong> Apm\u0113ram 31 cm x 25 cm x 10 cm.<\/p>\n","protected":false},"excerpt":{"rendered":"<p>Aizraujo\u0161a un dinamiska sac\u012bk\u0161u trase, kas sniedz b\u0113rniem iesp\u0113ju izjust sac\u012bk\u0161u prieku! \u0160\u012b kr\u0101sain\u0101 rota\u013clieta ir veidota ar vair\u0101kiem l\u012bme\u0146iem un l\u012bkumiem, kur sac\u012bk\u0161u automa\u0161\u012bnas pa\u0101trin\u0101s no aug\u0161as l\u012bdz apak\u0161ai, veidojot izklaid\u0113jo\u0161u kust\u012bbu. Perfekts veids, k\u0101 att\u012bst\u012bt b\u0113rnu koordin\u0101ciju, izt\u0113li un rado\u0161umu. \u012apa\u0161\u012bbas: Komplekt\u0101 ietilpst sac\u012bk\u0161u trase un 4 automa\u0161\u012bnas. Iztur\u012bgs un dro\u0161s dizains, izgatavots &hellip;<\/p>\n<p class=\"read-more\"> <a class=\"\" href=\"https:\/\/nokermani.lv\/?product=saciksu-automasinu-trase-ar-likumiem-tooky-toy\"> <span class=\"screen-reader-text\">Sac\u012bk\u0161u automa\u0161\u012bnu trase ar l\u012bkumiem &#8211; Tooky Toy<\/span> Read More &raquo;<\/a><\/p>\n","protected":false},"featured_media":2445,"template":"","meta":{"site-sidebar-layout":"default","site-content-layout":"default","ast-global-header-display":"","ast-main-header-display":"","ast-hfb-above-header-display":"","ast-hfb-below-header-display":"","ast-hfb-mobile-header-display":"","site-post-title":"","ast-breadcrumbs-content":"","ast-featured-img":"","footer-sml-layout":"","theme-transparent-header-meta":"default","adv-header-id-meta":"","stick-header-meta":"","header-above-stick-meta":"","header-main-stick-meta":"","header-below-stick-meta":""},"product_brand":[],"product_cat":[46],"product_tag":[],"class_list":{"0":"post-2442","1":"product","2":"type-product","3":"status-publish","4":"has-post-thumbnail","6":"product_cat-rotallietas","7":"desktop-align-center","8":"tablet-align-left","9":"mobile-align-left","11":"first","12":"outofstock","13":"taxable","14":"shipping-taxable","15":"purchasable","16":"product-type-simple"},"_links":{"self":[{"href":"https:\/\/nokermani.lv\/index.php?rest_route=\/wp\/v2\/product\/2442","targetHints":{"allow":["GET"]}}],"collection":[{"href":"https:\/\/nokermani.lv\/index.php?rest_route=\/wp\/v2\/product"}],"about":[{"href":"https:\/\/nokermani.lv\/index.php?rest_route=\/wp\/v2\/types\/product"}],"wp:featuredmedia":[{"embeddable":true,"href":"https:\/\/nokermani.lv\/index.php?rest_route=\/wp\/v2\/media\/2445"}],"wp:attachment":[{"href":"https:\/\/nokermani.lv\/index.php?rest_route=%2Fwp%2Fv2%2Fmedia&parent=2442"}],"wp:term":[{"taxonomy":"product_brand","embeddable":true,"href":"https:\/\/nokermani.lv\/index.php?rest_route=%2Fwp%2Fv2%2Fproduct_brand&post=2442"},{"taxonomy":"product_cat","embeddable":true,"href":"https:\/\/nokermani.lv\/index.php?rest_route=%2Fwp%2Fv2%2Fproduct_cat&post=2442"},{"taxonomy":"product_tag","embeddable":true,"href":"https:\/\/nokermani.lv\/index.php?rest_route=%2Fwp%2Fv2%2Fproduct_tag&post=2442"}],"curies":[{"name":"wp","href":"https:\/\/api.w.org\/{rel}","templated":true}]}}