{"id":3123,"date":"2025-09-15T12:04:53","date_gmt":"2025-09-15T12:04:53","guid":{"rendered":"https:\/\/nokermani.lv\/?post_type=product&#038;p=3123"},"modified":"2025-09-17T11:36:40","modified_gmt":"2025-09-17T11:36:40","slug":"noker-mani-sporta-zurnals-berniem-1-izdevums","status":"publish","type":"product","link":"https:\/\/nokermani.lv\/?product=noker-mani-sporta-zurnals-berniem-1-izdevums","title":{"rendered":"NO\u0136ER MANI SPORTA E-\u017dURN\u0100LS B\u0112RNIEM 1. izdevums"},"content":{"rendered":"<p>&#8220;No\u0137er mani&#8221; ir aizraujo\u0161s sporta \u017eurn\u0101ls b\u0113rniem, kas apvieno m\u0101c\u012b\u0161anos un kust\u012bbu prieku! Tas ir dom\u0101ts visiem mazajiem sportistiem un zin\u0101tk\u0101rajiem las\u012bt\u0101jiem, kuri v\u0113las ne tikai izzin\u0101t pasauli, bet ar\u012b akt\u012bvi kust\u0113ties.<br \/>\nAr sp\u0113\u013cu, uzdevumu un interesantu st\u0101stu pal\u012bdz\u012bbu b\u0113rni att\u012bsta rakst\u012b\u0161anas, las\u012b\u0161anas un r\u0113\u0137in\u0101\u0161anas prasmes, vienlaikus iepaz\u012bstot da\u017e\u0101dus sporta veidus un pasaules valstis, k\u0101 ar\u012b vesel\u012bgus ikdienas paradumus. Turkl\u0101t &#8220;No\u0137er mani&#8221; pal\u012bdz tiem, kuriem ikdien\u0101 nepiecie\u0161ams vair\u0101k kust\u012bbu, motiv\u0113jot vi\u0146us akt\u012bv\u0101k iesaist\u012bties sportisk\u0101s aktivit\u0101t\u0113s.<br \/>\n\u0160is \u017eurn\u0101ls b\u016bs lielisks pal\u012bgs gan b\u0113rnud\u0101rza audzin\u0101t\u0101j\u0101m, gan sporta skolot\u0101jiem, k\u0101 ar\u012b vec\u0101kiem, padarot m\u0101c\u012bbu procesu aizraujo\u0161u, kr\u0101sainu un kust\u012bb\u0101m bag\u0101tu. Zin\u0101ms, ka viss, ko b\u0113rni apg\u016bst prieka piln\u0101 gaisotn\u0113, paliek atmi\u0146\u0101 daudz lab\u0101k un ilg\u0101k. T\u0101p\u0113c &#8220;No\u0137er mani&#8221; unik\u0101l\u0101 metode apvieno fizisko aktivit\u0101ti ar izgl\u012bt\u012bbu \u2013 kad sportojot izdal\u0101s laimes hormoni, m\u0101c\u012b\u0161an\u0101s k\u013c\u016bst ne tikai viegl\u0101ka, bet ar\u012b patiesi jautra!<br \/>\nKop\u0101 k\u013c\u016bsim gudri, veseli un sportiski!<\/p>\n","protected":false},"excerpt":{"rendered":"<p>&#8220;No\u0137er mani&#8221; ir aizraujo\u0161s sporta \u017eurn\u0101ls b\u0113rniem, kas apvieno m\u0101c\u012b\u0161anos un kust\u012bbu prieku! Tas ir dom\u0101ts visiem mazajiem sportistiem un zin\u0101tk\u0101rajiem las\u012bt\u0101jiem, kuri v\u0113las ne tikai izzin\u0101t pasauli, bet ar\u012b akt\u012bvi kust\u0113ties. Ar sp\u0113\u013cu, uzdevumu un interesantu st\u0101stu pal\u012bdz\u012bbu b\u0113rni att\u012bsta rakst\u012b\u0161anas, las\u012b\u0161anas un r\u0113\u0137in\u0101\u0161anas prasmes, vienlaikus iepaz\u012bstot da\u017e\u0101dus sporta veidus un pasaules valstis, k\u0101 &hellip;<\/p>\n<p class=\"read-more\"> <a class=\"\" href=\"https:\/\/nokermani.lv\/?product=noker-mani-sporta-zurnals-berniem-1-izdevums\"> <span class=\"screen-reader-text\">NO\u0136ER MANI SPORTA E-\u017dURN\u0100LS B\u0112RNIEM 1. izdevums<\/span> Read More &raquo;<\/a><\/p>\n","protected":false},"featured_media":3127,"template":"","meta":{"site-sidebar-layout":"default","site-content-layout":"default","ast-global-header-display":"","ast-main-header-display":"","ast-hfb-above-header-display":"","ast-hfb-below-header-display":"","ast-hfb-mobile-header-display":"","site-post-title":"","ast-breadcrumbs-content":"","ast-featured-img":"","footer-sml-layout":"","theme-transparent-header-meta":"default","adv-header-id-meta":"","stick-header-meta":"","header-above-stick-meta":"","header-main-stick-meta":"","header-below-stick-meta":""},"product_brand":[],"product_cat":[58],"product_tag":[],"class_list":{"0":"post-3123","1":"product","2":"type-product","3":"status-publish","4":"has-post-thumbnail","6":"product_cat-noker-mani-sporta-zurnals-berniem","7":"desktop-align-center","8":"tablet-align-left","9":"mobile-align-left","11":"first","12":"instock","13":"downloadable","14":"virtual","15":"taxable","16":"purchasable","17":"product-type-simple"},"_links":{"self":[{"href":"https:\/\/nokermani.lv\/index.php?rest_route=\/wp\/v2\/product\/3123","targetHints":{"allow":["GET"]}}],"collection":[{"href":"https:\/\/nokermani.lv\/index.php?rest_route=\/wp\/v2\/product"}],"about":[{"href":"https:\/\/nokermani.lv\/index.php?rest_route=\/wp\/v2\/types\/product"}],"wp:featuredmedia":[{"embeddable":true,"href":"https:\/\/nokermani.lv\/index.php?rest_route=\/wp\/v2\/media\/3127"}],"wp:attachment":[{"href":"https:\/\/nokermani.lv\/index.php?rest_route=%2Fwp%2Fv2%2Fmedia&parent=3123"}],"wp:term":[{"taxonomy":"product_brand","embeddable":true,"href":"https:\/\/nokermani.lv\/index.php?rest_route=%2Fwp%2Fv2%2Fproduct_brand&post=3123"},{"taxonomy":"product_cat","embeddable":true,"href":"https:\/\/nokermani.lv\/index.php?rest_route=%2Fwp%2Fv2%2Fproduct_cat&post=3123"},{"taxonomy":"product_tag","embeddable":true,"href":"https:\/\/nokermani.lv\/index.php?rest_route=%2Fwp%2Fv2%2Fproduct_tag&post=3123"}],"curies":[{"name":"wp","href":"https:\/\/api.w.org\/{rel}","templated":true}]}}